{"id":18842,"date":"2025-09-27T22:22:14","date_gmt":"2025-09-27T20:22:14","guid":{"rendered":"https:\/\/tienda.cromavite.com\/index.php\/producto\/altavoz-holsux\/"},"modified":"2025-09-27T22:23:29","modified_gmt":"2025-09-27T20:23:29","slug":"altavoz-holsux","status":"publish","type":"product","link":"https:\/\/tienda.cromavite.com\/index.php\/producto\/altavoz-holsux\/","title":{"rendered":"Altavoz Holsux"},"content":{"rendered":"<p>Altavoz de conexi\u00f3n Bluetooth en elegante acabado de color negro con accesorioss en plateado y original dise\u00f1o circular. Ofrece 8W de potencia, tiene funci\u00f3n de manos libres, una ranura para tarjetas micro SD de hasta 32 GB de capacidad y entrada auxiliar de l\u00ednea mediante conexi\u00f3n jack de 3,5mm. Compatible con iOS y Android, incluye cable de carga mini USB, cable auxiliar jack de 3,5mm y viene presentado en atractiva caja de dise\u00f1o. Con soportes de goma antideslizantes en la base.<br \/>\nConexi\u00f3n Bluetooth. Potencia Sonido 8W. Bater\u00eda 1800 mAh<\/p>\n","protected":false},"excerpt":{"rendered":"<p>Altavoz Holsux<\/p>\n","protected":false},"featured_media":18843,"comment_status":"closed","ping_status":"open","template":"","meta":{"site-sidebar-layout":"default","site-content-layout":"","ast-site-content-layout":"","site-content-style":"default","site-sidebar-style":"default","ast-global-header-display":"","ast-banner-title-visibility":"","ast-main-header-display":"","ast-hfb-above-header-display":"","ast-hfb-below-header-display":"","ast-hfb-mobile-header-display":"","site-post-title":"","ast-breadcrumbs-content":"","ast-featured-img":"","footer-sml-layout":"","theme-transparent-header-meta":"","adv-header-id-meta":"","stick-header-meta":"","header-above-stick-meta":"","header-main-stick-meta":"","header-below-stick-meta":"","astra-migrate-meta-layouts":"default","ast-page-background-enabled":"default","ast-page-background-meta":{"desktop":{"background-color":"var(--ast-global-color-4)","background-image":"","background-repeat":"repeat","background-position":"center center","background-size":"auto","background-attachment":"scroll","background-type":"","background-media":"","overlay-type":"","overlay-color":"","overlay-opacity":"","overlay-gradient":""},"tablet":{"background-color":"","background-image":"","background-repeat":"repeat","background-position":"center center","background-size":"auto","background-attachment":"scroll","background-type":"","background-media":"","overlay-type":"","overlay-color":"","overlay-opacity":"","overlay-gradient":""},"mobile":{"background-color":"","background-image":"","background-repeat":"repeat","background-position":"center center","background-size":"auto","background-attachment":"scroll","background-type":"","background-media":"","overlay-type":"","overlay-color":"","overlay-opacity":"","overlay-gradient":""}},"ast-content-background-meta":{"desktop":{"background-color":"var(--ast-global-color-5)","background-image":"","background-repeat":"repeat","background-position":"center center","background-size":"auto","background-attachment":"scroll","background-type":"","background-media":"","overlay-type":"","overlay-color":"","overlay-opacity":"","overlay-gradient":""},"tablet":{"background-color":"var(--ast-global-color-5)","background-image":"","background-repeat":"repeat","background-position":"center center","background-size":"auto","background-attachment":"scroll","background-type":"","background-media":"","overlay-type":"","overlay-color":"","overlay-opacity":"","overlay-gradient":""},"mobile":{"background-color":"var(--ast-global-color-5)","background-image":"","background-repeat":"repeat","background-position":"center center","background-size":"auto","background-attachment":"scroll","background-type":"","background-media":"","overlay-type":"","overlay-color":"","overlay-opacity":"","overlay-gradient":""}}},"product_brand":[],"product_cat":[1102,1088],"product_tag":[322,506,140,130],"class_list":{"0":"post-18842","1":"product","2":"type-product","3":"status-publish","4":"has-post-thumbnail","6":"product_cat-marcas","7":"product_cat-tecnologia-y-accesorios","8":"product_tag-altavoz","9":"product_tag-antonio-miro","10":"product_tag-marcas","11":"product_tag-tecnologia-y-accesorios","12":"desktop-align-center","13":"tablet-align-left","14":"mobile-align-left","16":"first","17":"instock","18":"product-type-simple"},"_links":{"self":[{"href":"https:\/\/tienda.cromavite.com\/index.php\/wp-json\/wp\/v2\/product\/18842","targetHints":{"allow":["GET"]}}],"collection":[{"href":"https:\/\/tienda.cromavite.com\/index.php\/wp-json\/wp\/v2\/product"}],"about":[{"href":"https:\/\/tienda.cromavite.com\/index.php\/wp-json\/wp\/v2\/types\/product"}],"replies":[{"embeddable":true,"href":"https:\/\/tienda.cromavite.com\/index.php\/wp-json\/wp\/v2\/comments?post=18842"}],"wp:featuredmedia":[{"embeddable":true,"href":"https:\/\/tienda.cromavite.com\/index.php\/wp-json\/wp\/v2\/media\/18843"}],"wp:attachment":[{"href":"https:\/\/tienda.cromavite.com\/index.php\/wp-json\/wp\/v2\/media?parent=18842"}],"wp:term":[{"taxonomy":"product_brand","embeddable":true,"href":"https:\/\/tienda.cromavite.com\/index.php\/wp-json\/wp\/v2\/product_brand?post=18842"},{"taxonomy":"product_cat","embeddable":true,"href":"https:\/\/tienda.cromavite.com\/index.php\/wp-json\/wp\/v2\/product_cat?post=18842"},{"taxonomy":"product_tag","embeddable":true,"href":"https:\/\/tienda.cromavite.com\/index.php\/wp-json\/wp\/v2\/product_tag?post=18842"}],"curies":[{"name":"wp","href":"https:\/\/api.w.org\/{rel}","templated":true}]}}