{"id":22185,"date":"2025-09-27T23:10:12","date_gmt":"2025-09-27T21:10:12","guid":{"rendered":"https:\/\/tienda.cromavite.com\/index.php\/producto\/mascarilla-higienica-reutilizable-liriax\/"},"modified":"2025-09-27T23:11:33","modified_gmt":"2025-09-27T21:11:33","slug":"mascarilla-higienica-reutilizable-liriax","status":"publish","type":"product","link":"https:\/\/tienda.cromavite.com\/index.php\/producto\/mascarilla-higienica-reutilizable-liriax\/","title":{"rendered":"Mascarilla Higi\u00e9nica Reutilizable Liriax"},"content":{"rendered":"<p>Mascarilla higi\u00e9nica reutilizable. Fabricada en algod\u00f3n y poli\u00e9ster. Capa exterior en algod\u00f3n\/poli\u00e9ster. Forro interior 100% algod\u00f3n. Costura frontal ergon\u00f3mica para un c\u00f3modo ajuste y confortables cintas el\u00e1sticas para las orejas en tejido hipoalerg\u00e9nico, con certificaci\u00f3n OEKO-TEX Clase I. Disponible en variada gama de colores. Libre de Grafeno. Para uso personal en adultos. Analizada y fabricada de acuerdo al est\u00e1ndar europeo UNE-CWA 17553:2020. Eficacia de filtraci\u00f3n bacteriana: \u2265 90%. Altamente resistente. Se aconseja lavar a 60\u00baC.<\/p>\n","protected":false},"excerpt":{"rendered":"<p>Mascarilla Higi\u00e9nica Reutilizable Liriax<\/p>\n","protected":false},"featured_media":22186,"comment_status":"closed","ping_status":"open","template":"","meta":{"site-sidebar-layout":"default","site-content-layout":"","ast-site-content-layout":"","site-content-style":"default","site-sidebar-style":"default","ast-global-header-display":"","ast-banner-title-visibility":"","ast-main-header-display":"","ast-hfb-above-header-display":"","ast-hfb-below-header-display":"","ast-hfb-mobile-header-display":"","site-post-title":"","ast-breadcrumbs-content":"","ast-featured-img":"","footer-sml-layout":"","theme-transparent-header-meta":"","adv-header-id-meta":"","stick-header-meta":"","header-above-stick-meta":"","header-main-stick-meta":"","header-below-stick-meta":"","astra-migrate-meta-layouts":"default","ast-page-background-enabled":"default","ast-page-background-meta":{"desktop":{"background-color":"var(--ast-global-color-4)","background-image":"","background-repeat":"repeat","background-position":"center center","background-size":"auto","background-attachment":"scroll","background-type":"","background-media":"","overlay-type":"","overlay-color":"","overlay-opacity":"","overlay-gradient":""},"tablet":{"background-color":"","background-image":"","background-repeat":"repeat","background-position":"center center","background-size":"auto","background-attachment":"scroll","background-type":"","background-media":"","overlay-type":"","overlay-color":"","overlay-opacity":"","overlay-gradient":""},"mobile":{"background-color":"","background-image":"","background-repeat":"repeat","background-position":"center center","background-size":"auto","background-attachment":"scroll","background-type":"","background-media":"","overlay-type":"","overlay-color":"","overlay-opacity":"","overlay-gradient":""}},"ast-content-background-meta":{"desktop":{"background-color":"var(--ast-global-color-5)","background-image":"","background-repeat":"repeat","background-position":"center center","background-size":"auto","background-attachment":"scroll","background-type":"","background-media":"","overlay-type":"","overlay-color":"","overlay-opacity":"","overlay-gradient":""},"tablet":{"background-color":"var(--ast-global-color-5)","background-image":"","background-repeat":"repeat","background-position":"center center","background-size":"auto","background-attachment":"scroll","background-type":"","background-media":"","overlay-type":"","overlay-color":"","overlay-opacity":"","overlay-gradient":""},"mobile":{"background-color":"var(--ast-global-color-5)","background-image":"","background-repeat":"repeat","background-position":"center center","background-size":"auto","background-attachment":"scroll","background-type":"","background-media":"","overlay-type":"","overlay-color":"","overlay-opacity":"","overlay-gradient":""}}},"product_brand":[],"product_cat":[1127,1110],"product_tag":[653,167,685],"class_list":{"0":"post-22185","1":"product","2":"type-product","3":"status-publish","4":"has-post-thumbnail","6":"product_cat-coleccion-proteccion-higienica","7":"product_cat-cuidado-personal-y-pharma","8":"product_tag-coleccion-proteccion-higienica","9":"product_tag-cuidado-personal-y-pharma","10":"product_tag-mascarilla-higienica-reutilizable","11":"desktop-align-center","12":"tablet-align-left","13":"mobile-align-left","15":"first","16":"instock","17":"product-type-simple"},"_links":{"self":[{"href":"https:\/\/tienda.cromavite.com\/index.php\/wp-json\/wp\/v2\/product\/22185","targetHints":{"allow":["GET"]}}],"collection":[{"href":"https:\/\/tienda.cromavite.com\/index.php\/wp-json\/wp\/v2\/product"}],"about":[{"href":"https:\/\/tienda.cromavite.com\/index.php\/wp-json\/wp\/v2\/types\/product"}],"replies":[{"embeddable":true,"href":"https:\/\/tienda.cromavite.com\/index.php\/wp-json\/wp\/v2\/comments?post=22185"}],"wp:featuredmedia":[{"embeddable":true,"href":"https:\/\/tienda.cromavite.com\/index.php\/wp-json\/wp\/v2\/media\/22186"}],"wp:attachment":[{"href":"https:\/\/tienda.cromavite.com\/index.php\/wp-json\/wp\/v2\/media?parent=22185"}],"wp:term":[{"taxonomy":"product_brand","embeddable":true,"href":"https:\/\/tienda.cromavite.com\/index.php\/wp-json\/wp\/v2\/product_brand?post=22185"},{"taxonomy":"product_cat","embeddable":true,"href":"https:\/\/tienda.cromavite.com\/index.php\/wp-json\/wp\/v2\/product_cat?post=22185"},{"taxonomy":"product_tag","embeddable":true,"href":"https:\/\/tienda.cromavite.com\/index.php\/wp-json\/wp\/v2\/product_tag?post=22185"}],"curies":[{"name":"wp","href":"https:\/\/api.w.org\/{rel}","templated":true}]}}