{"id":22344,"date":"2025-09-27T23:11:46","date_gmt":"2025-09-27T21:11:46","guid":{"rendered":"https:\/\/tienda.cromavite.com\/index.php\/producto\/lampara-esterilizadora-uv-cargador-blay\/"},"modified":"2025-09-27T23:13:46","modified_gmt":"2025-09-27T21:13:46","slug":"lampara-esterilizadora-uv-cargador-blay","status":"publish","type":"product","link":"https:\/\/tienda.cromavite.com\/index.php\/producto\/lampara-esterilizadora-uv-cargador-blay\/","title":{"rendered":"L\u00e1mpara Esterilizadora UV Cargador Blay"},"content":{"rendered":"<p>L\u00e1mpara esterilizadora de luz ultravioleta tipo C con cargador inal\u00e1mbrico integrado para smartphone. Especialmente dise\u00f1ada para la eliminaci\u00f3n de microorganismos y bacterias en objetos de uso cotidiano como el smartphone, llaves, gafas, mascarilla, auriculares, smartwatch\u2026 Fabricada en resistente material ABS de acabado brillante y presentada en atractiva caja individual de dise\u00f1o. F\u00e1cil de usar, basta con situar el objeto a esterilizar en la base de la l\u00e1mpara. Potencia de salida 2,5W y longitud de onda de 254 nm. Salida USB de 1000 mA, con funci\u00f3n de carga r\u00e1pida 10W y cable micro USB incluido a juego de 1 metro de largo. Tiempo de esterilizaci\u00f3n de 15 y 25 minutos con funci\u00f3n autoapagado. Disponible manual de usuario en espa\u00f1ol e ingl\u00e9s. Disponible certificaci\u00f3n CE, RoHS y de efectividad germicida. Para un uso adecuado del producto, evitar el contacto con la piel y los ojos.<br \/>\nInal\u00e1mbrico 10W. Salida USB. Luz Ultravioleta. Conexi\u00f3n USB<\/p>\n","protected":false},"excerpt":{"rendered":"<p>L\u00e1mpara Esterilizadora UV Cargador Blay<\/p>\n","protected":false},"featured_media":22345,"comment_status":"closed","ping_status":"open","template":"","meta":{"site-sidebar-layout":"default","site-content-layout":"","ast-site-content-layout":"","site-content-style":"default","site-sidebar-style":"default","ast-global-header-display":"","ast-banner-title-visibility":"","ast-main-header-display":"","ast-hfb-above-header-display":"","ast-hfb-below-header-display":"","ast-hfb-mobile-header-display":"","site-post-title":"","ast-breadcrumbs-content":"","ast-featured-img":"","footer-sml-layout":"","theme-transparent-header-meta":"","adv-header-id-meta":"","stick-header-meta":"","header-above-stick-meta":"","header-main-stick-meta":"","header-below-stick-meta":"","astra-migrate-meta-layouts":"default","ast-page-background-enabled":"default","ast-page-background-meta":{"desktop":{"background-color":"var(--ast-global-color-4)","background-image":"","background-repeat":"repeat","background-position":"center center","background-size":"auto","background-attachment":"scroll","background-type":"","background-media":"","overlay-type":"","overlay-color":"","overlay-opacity":"","overlay-gradient":""},"tablet":{"background-color":"","background-image":"","background-repeat":"repeat","background-position":"center center","background-size":"auto","background-attachment":"scroll","background-type":"","background-media":"","overlay-type":"","overlay-color":"","overlay-opacity":"","overlay-gradient":""},"mobile":{"background-color":"","background-image":"","background-repeat":"repeat","background-position":"center center","background-size":"auto","background-attachment":"scroll","background-type":"","background-media":"","overlay-type":"","overlay-color":"","overlay-opacity":"","overlay-gradient":""}},"ast-content-background-meta":{"desktop":{"background-color":"var(--ast-global-color-5)","background-image":"","background-repeat":"repeat","background-position":"center center","background-size":"auto","background-attachment":"scroll","background-type":"","background-media":"","overlay-type":"","overlay-color":"","overlay-opacity":"","overlay-gradient":""},"tablet":{"background-color":"var(--ast-global-color-5)","background-image":"","background-repeat":"repeat","background-position":"center center","background-size":"auto","background-attachment":"scroll","background-type":"","background-media":"","overlay-type":"","overlay-color":"","overlay-opacity":"","overlay-gradient":""},"mobile":{"background-color":"var(--ast-global-color-5)","background-image":"","background-repeat":"repeat","background-position":"center center","background-size":"auto","background-attachment":"scroll","background-type":"","background-media":"","overlay-type":"","overlay-color":"","overlay-opacity":"","overlay-gradient":""}}},"product_brand":[],"product_cat":[1129,1127,1112,1088],"product_tag":[683,653,695,137,130],"class_list":{"0":"post-22344","1":"product","2":"type-product","3":"status-publish","4":"has-post-thumbnail","6":"product_cat-antibacterial","7":"product_cat-coleccion-proteccion-higienica","8":"product_cat-outletoutlet","9":"product_cat-tecnologia-y-accesorios","10":"product_tag-antibacterial","11":"product_tag-coleccion-proteccion-higienica","12":"product_tag-lampara-esterilizadora-uv-cargador","13":"product_tag-outlet","14":"product_tag-tecnologia-y-accesorios","15":"desktop-align-center","16":"tablet-align-left","17":"mobile-align-left","19":"first","20":"instock","21":"product-type-simple"},"_links":{"self":[{"href":"https:\/\/tienda.cromavite.com\/index.php\/wp-json\/wp\/v2\/product\/22344","targetHints":{"allow":["GET"]}}],"collection":[{"href":"https:\/\/tienda.cromavite.com\/index.php\/wp-json\/wp\/v2\/product"}],"about":[{"href":"https:\/\/tienda.cromavite.com\/index.php\/wp-json\/wp\/v2\/types\/product"}],"replies":[{"embeddable":true,"href":"https:\/\/tienda.cromavite.com\/index.php\/wp-json\/wp\/v2\/comments?post=22344"}],"wp:featuredmedia":[{"embeddable":true,"href":"https:\/\/tienda.cromavite.com\/index.php\/wp-json\/wp\/v2\/media\/22345"}],"wp:attachment":[{"href":"https:\/\/tienda.cromavite.com\/index.php\/wp-json\/wp\/v2\/media?parent=22344"}],"wp:term":[{"taxonomy":"product_brand","embeddable":true,"href":"https:\/\/tienda.cromavite.com\/index.php\/wp-json\/wp\/v2\/product_brand?post=22344"},{"taxonomy":"product_cat","embeddable":true,"href":"https:\/\/tienda.cromavite.com\/index.php\/wp-json\/wp\/v2\/product_cat?post=22344"},{"taxonomy":"product_tag","embeddable":true,"href":"https:\/\/tienda.cromavite.com\/index.php\/wp-json\/wp\/v2\/product_tag?post=22344"}],"curies":[{"name":"wp","href":"https:\/\/api.w.org\/{rel}","templated":true}]}}