{"id":22614,"date":"2025-09-27T23:16:36","date_gmt":"2025-09-27T21:16:36","guid":{"rendered":"https:\/\/tienda.cromavite.com\/index.php\/producto\/gel-hidroalcoholico-vixel\/"},"modified":"2025-09-27T23:17:42","modified_gmt":"2025-09-27T21:17:42","slug":"gel-hidroalcoholico-vixel","status":"publish","type":"product","link":"https:\/\/tienda.cromavite.com\/index.php\/producto\/gel-hidroalcoholico-vixel\/","title":{"rendered":"Gel Hidroalcoh\u00f3lico Vixel"},"content":{"rendered":"<p>Gel hidroalcoh\u00f3lico para higiene y limpieza de la piel en bote rellenable de 30 ml, con extracto bals\u00e1mico de Aloe Vera. Cuerpo transparente con detalle y tap\u00f3n de acabado s\u00f3lido, en variada gama de colores. Con dosificador y tap\u00f3n de seguridad. Soluci\u00f3n con 65% de contenido de alcohol.Disponible certificaci\u00f3n 94\/62\/EC.Art\u00edculo con certificaci\u00f3n GMP (Good Manufaturing Practices \/ Normas de Correcta Fabricaci\u00f3n) que garantiza el cumplimiento de rigurosas medidas de control para la obtenci\u00f3n de un producto seguro y de calidad.<br \/>\n30 ml. Soluci\u00f3n para la limpieza de la piel<\/p>\n","protected":false},"excerpt":{"rendered":"<p>Gel Hidroalcoh\u00f3lico Vixel<\/p>\n","protected":false},"featured_media":22615,"comment_status":"closed","ping_status":"open","template":"","meta":{"site-sidebar-layout":"default","site-content-layout":"","ast-site-content-layout":"","site-content-style":"default","site-sidebar-style":"default","ast-global-header-display":"","ast-banner-title-visibility":"","ast-main-header-display":"","ast-hfb-above-header-display":"","ast-hfb-below-header-display":"","ast-hfb-mobile-header-display":"","site-post-title":"","ast-breadcrumbs-content":"","ast-featured-img":"","footer-sml-layout":"","theme-transparent-header-meta":"","adv-header-id-meta":"","stick-header-meta":"","header-above-stick-meta":"","header-main-stick-meta":"","header-below-stick-meta":"","astra-migrate-meta-layouts":"default","ast-page-background-enabled":"default","ast-page-background-meta":{"desktop":{"background-color":"var(--ast-global-color-4)","background-image":"","background-repeat":"repeat","background-position":"center center","background-size":"auto","background-attachment":"scroll","background-type":"","background-media":"","overlay-type":"","overlay-color":"","overlay-opacity":"","overlay-gradient":""},"tablet":{"background-color":"","background-image":"","background-repeat":"repeat","background-position":"center center","background-size":"auto","background-attachment":"scroll","background-type":"","background-media":"","overlay-type":"","overlay-color":"","overlay-opacity":"","overlay-gradient":""},"mobile":{"background-color":"","background-image":"","background-repeat":"repeat","background-position":"center center","background-size":"auto","background-attachment":"scroll","background-type":"","background-media":"","overlay-type":"","overlay-color":"","overlay-opacity":"","overlay-gradient":""}},"ast-content-background-meta":{"desktop":{"background-color":"var(--ast-global-color-5)","background-image":"","background-repeat":"repeat","background-position":"center center","background-size":"auto","background-attachment":"scroll","background-type":"","background-media":"","overlay-type":"","overlay-color":"","overlay-opacity":"","overlay-gradient":""},"tablet":{"background-color":"var(--ast-global-color-5)","background-image":"","background-repeat":"repeat","background-position":"center center","background-size":"auto","background-attachment":"scroll","background-type":"","background-media":"","overlay-type":"","overlay-color":"","overlay-opacity":"","overlay-gradient":""},"mobile":{"background-color":"var(--ast-global-color-5)","background-image":"","background-repeat":"repeat","background-position":"center center","background-size":"auto","background-attachment":"scroll","background-type":"","background-media":"","overlay-type":"","overlay-color":"","overlay-opacity":"","overlay-gradient":""}}},"product_brand":[],"product_cat":[1127,1110],"product_tag":[653,167,652],"class_list":{"0":"post-22614","1":"product","2":"type-product","3":"status-publish","4":"has-post-thumbnail","6":"product_cat-coleccion-proteccion-higienica","7":"product_cat-cuidado-personal-y-pharma","8":"product_tag-coleccion-proteccion-higienica","9":"product_tag-cuidado-personal-y-pharma","10":"product_tag-gel-hidroalcoholico","11":"desktop-align-center","12":"tablet-align-left","13":"mobile-align-left","15":"first","16":"instock","17":"product-type-simple"},"_links":{"self":[{"href":"https:\/\/tienda.cromavite.com\/index.php\/wp-json\/wp\/v2\/product\/22614","targetHints":{"allow":["GET"]}}],"collection":[{"href":"https:\/\/tienda.cromavite.com\/index.php\/wp-json\/wp\/v2\/product"}],"about":[{"href":"https:\/\/tienda.cromavite.com\/index.php\/wp-json\/wp\/v2\/types\/product"}],"replies":[{"embeddable":true,"href":"https:\/\/tienda.cromavite.com\/index.php\/wp-json\/wp\/v2\/comments?post=22614"}],"wp:featuredmedia":[{"embeddable":true,"href":"https:\/\/tienda.cromavite.com\/index.php\/wp-json\/wp\/v2\/media\/22615"}],"wp:attachment":[{"href":"https:\/\/tienda.cromavite.com\/index.php\/wp-json\/wp\/v2\/media?parent=22614"}],"wp:term":[{"taxonomy":"product_brand","embeddable":true,"href":"https:\/\/tienda.cromavite.com\/index.php\/wp-json\/wp\/v2\/product_brand?post=22614"},{"taxonomy":"product_cat","embeddable":true,"href":"https:\/\/tienda.cromavite.com\/index.php\/wp-json\/wp\/v2\/product_cat?post=22614"},{"taxonomy":"product_tag","embeddable":true,"href":"https:\/\/tienda.cromavite.com\/index.php\/wp-json\/wp\/v2\/product_tag?post=22614"}],"curies":[{"name":"wp","href":"https:\/\/api.w.org\/{rel}","templated":true}]}}