{"id":23638,"date":"2025-09-27T23:32:08","date_gmt":"2025-09-27T21:32:08","guid":{"rendered":"https:\/\/tienda.cromavite.com\/index.php\/producto\/caja-esterilizadora-uv-cargador-strey\/"},"modified":"2025-09-27T23:32:21","modified_gmt":"2025-09-27T21:32:21","slug":"caja-esterilizadora-uv-cargador-strey","status":"publish","type":"product","link":"https:\/\/tienda.cromavite.com\/index.php\/producto\/caja-esterilizadora-uv-cargador-strey\/","title":{"rendered":"Caja Esterilizadora UV Cargador Strey"},"content":{"rendered":"<p>Caja esterilizadora de l\u00ednea nature, con base de carga en bamb\u00fa. Luz ultravioleta tipo C, con cargador inal\u00e1mbrico 5W para smartphone integrado en tapa. Especialmente dise\u00f1ada para la eliminaci\u00f3n de microorganismos y bacterias en objetos de uso cotidiano como el smartphone, llaves, gafas, mascarilla, auriculares, smartwatch&#8230; Fabricada en resistente material ABS de acabado mate y presentada en atractiva caja individual de dise\u00f1o. F\u00e1cil de usar, basta con introducir el objeto dentro de la caja. Potencia de bombilla 1W longitud de onda de 270-280 nm, con alimentaci\u00f3n mediante cable USB Tipo C de 1m de largo con color a juego. Tiempo de esterilizaci\u00f3n de 5 y 10 minutos con funci\u00f3n auto-apagado. Disponible manual de usuario en espa\u00f1ol e ingl\u00e9s. Disponible certificaci\u00f3n CE, RoHS y de efectividad germicida.<br \/>\nInal\u00e1mbrico 5W. Luz Ultravioleta. Conexi\u00f3n USB<\/p>\n","protected":false},"excerpt":{"rendered":"<p>Caja Esterilizadora UV Cargador Strey<\/p>\n","protected":false},"featured_media":23639,"comment_status":"closed","ping_status":"open","template":"","meta":{"site-sidebar-layout":"default","site-content-layout":"","ast-site-content-layout":"","site-content-style":"default","site-sidebar-style":"default","ast-global-header-display":"","ast-banner-title-visibility":"","ast-main-header-display":"","ast-hfb-above-header-display":"","ast-hfb-below-header-display":"","ast-hfb-mobile-header-display":"","site-post-title":"","ast-breadcrumbs-content":"","ast-featured-img":"","footer-sml-layout":"","theme-transparent-header-meta":"","adv-header-id-meta":"","stick-header-meta":"","header-above-stick-meta":"","header-main-stick-meta":"","header-below-stick-meta":"","astra-migrate-meta-layouts":"default","ast-page-background-enabled":"default","ast-page-background-meta":{"desktop":{"background-color":"var(--ast-global-color-4)","background-image":"","background-repeat":"repeat","background-position":"center center","background-size":"auto","background-attachment":"scroll","background-type":"","background-media":"","overlay-type":"","overlay-color":"","overlay-opacity":"","overlay-gradient":""},"tablet":{"background-color":"","background-image":"","background-repeat":"repeat","background-position":"center center","background-size":"auto","background-attachment":"scroll","background-type":"","background-media":"","overlay-type":"","overlay-color":"","overlay-opacity":"","overlay-gradient":""},"mobile":{"background-color":"","background-image":"","background-repeat":"repeat","background-position":"center center","background-size":"auto","background-attachment":"scroll","background-type":"","background-media":"","overlay-type":"","overlay-color":"","overlay-opacity":"","overlay-gradient":""}},"ast-content-background-meta":{"desktop":{"background-color":"var(--ast-global-color-5)","background-image":"","background-repeat":"repeat","background-position":"center center","background-size":"auto","background-attachment":"scroll","background-type":"","background-media":"","overlay-type":"","overlay-color":"","overlay-opacity":"","overlay-gradient":""},"tablet":{"background-color":"var(--ast-global-color-5)","background-image":"","background-repeat":"repeat","background-position":"center center","background-size":"auto","background-attachment":"scroll","background-type":"","background-media":"","overlay-type":"","overlay-color":"","overlay-opacity":"","overlay-gradient":""},"mobile":{"background-color":"var(--ast-global-color-5)","background-image":"","background-repeat":"repeat","background-position":"center center","background-size":"auto","background-attachment":"scroll","background-type":"","background-media":"","overlay-type":"","overlay-color":"","overlay-opacity":"","overlay-gradient":""}}},"product_brand":[],"product_cat":[1129,1101,1130,1092,1088],"product_tag":[683,133,694,653,137,130],"class_list":{"0":"post-23638","1":"product","2":"type-product","3":"status-publish","4":"has-post-thumbnail","6":"product_cat-antibacterial","7":"product_cat-articulos-sostenibles","8":"product_cat-coleccion-proteccion-higienicacoleccion-proteccion-higienica","9":"product_cat-outlet","10":"product_cat-tecnologia-y-accesorios","11":"product_tag-antibacterial","12":"product_tag-articulos-sostenibles","13":"product_tag-caja-esterilizadora-uv-cargador","14":"product_tag-coleccion-proteccion-higienica","15":"product_tag-outlet","16":"product_tag-tecnologia-y-accesorios","17":"desktop-align-center","18":"tablet-align-left","19":"mobile-align-left","21":"first","22":"instock","23":"product-type-simple"},"_links":{"self":[{"href":"https:\/\/tienda.cromavite.com\/index.php\/wp-json\/wp\/v2\/product\/23638","targetHints":{"allow":["GET"]}}],"collection":[{"href":"https:\/\/tienda.cromavite.com\/index.php\/wp-json\/wp\/v2\/product"}],"about":[{"href":"https:\/\/tienda.cromavite.com\/index.php\/wp-json\/wp\/v2\/types\/product"}],"replies":[{"embeddable":true,"href":"https:\/\/tienda.cromavite.com\/index.php\/wp-json\/wp\/v2\/comments?post=23638"}],"wp:featuredmedia":[{"embeddable":true,"href":"https:\/\/tienda.cromavite.com\/index.php\/wp-json\/wp\/v2\/media\/23639"}],"wp:attachment":[{"href":"https:\/\/tienda.cromavite.com\/index.php\/wp-json\/wp\/v2\/media?parent=23638"}],"wp:term":[{"taxonomy":"product_brand","embeddable":true,"href":"https:\/\/tienda.cromavite.com\/index.php\/wp-json\/wp\/v2\/product_brand?post=23638"},{"taxonomy":"product_cat","embeddable":true,"href":"https:\/\/tienda.cromavite.com\/index.php\/wp-json\/wp\/v2\/product_cat?post=23638"},{"taxonomy":"product_tag","embeddable":true,"href":"https:\/\/tienda.cromavite.com\/index.php\/wp-json\/wp\/v2\/product_tag?post=23638"}],"curies":[{"name":"wp","href":"https:\/\/api.w.org\/{rel}","templated":true}]}}