{"id":26165,"date":"2025-09-28T00:16:27","date_gmt":"2025-09-27T22:16:27","guid":{"rendered":"https:\/\/tienda.cromavite.com\/index.php\/producto\/set-halderan\/"},"modified":"2025-09-28T00:16:51","modified_gmt":"2025-09-27T22:16:51","slug":"set-halderan","status":"publish","type":"product","link":"https:\/\/tienda.cromavite.com\/index.php\/producto\/set-halderan\/","title":{"rendered":"Set Halderan"},"content":{"rendered":"<p>Elegante set premium que incluye: Termo de doble capa en acero inoxidable de acabado mate y de 640 ml de capacidad, con detalle de bamb\u00fa en el tap\u00f3n para marcaje. Bloc de notas en suave polipiel, con soporte para smartphone integrado en la portada y detalle en bamb\u00fa para marcaje. Incluye cierre el\u00e1stico, marcap\u00e1ginas y soporte para bol\u00edgrafo a juego. Interior con 80 hojas de disposici\u00f3n a una raya. Bol\u00edgrafo en aluminio de acabado mate con detalle en bamb\u00fa para marcaje, de mecanismo giratorio y tinta azul. Presentado en estuche individual de acabado mate y cierre magn\u00e9tico, con troquelado interior para cada uno de los elementos del set.<br \/>\nTermo Acero Inox\/ Bamb\u00fa, 640 ml. Bloc Polipiel\/ Bamb\u00fa, Portada R\u00edgida, 80 Hojas. Bol\u00edgrafo Aluminio\/ Bamb\u00fa<\/p>\n","protected":false},"excerpt":{"rendered":"<p>Set Halderan<\/p>\n","protected":false},"featured_media":26166,"comment_status":"closed","ping_status":"open","template":"","meta":{"site-sidebar-layout":"default","site-content-layout":"","ast-site-content-layout":"","site-content-style":"default","site-sidebar-style":"default","ast-global-header-display":"","ast-banner-title-visibility":"","ast-main-header-display":"","ast-hfb-above-header-display":"","ast-hfb-below-header-display":"","ast-hfb-mobile-header-display":"","site-post-title":"","ast-breadcrumbs-content":"","ast-featured-img":"","footer-sml-layout":"","theme-transparent-header-meta":"","adv-header-id-meta":"","stick-header-meta":"","header-above-stick-meta":"","header-main-stick-meta":"","header-below-stick-meta":"","astra-migrate-meta-layouts":"default","ast-page-background-enabled":"default","ast-page-background-meta":{"desktop":{"background-color":"var(--ast-global-color-4)","background-image":"","background-repeat":"repeat","background-position":"center center","background-size":"auto","background-attachment":"scroll","background-type":"","background-media":"","overlay-type":"","overlay-color":"","overlay-opacity":"","overlay-gradient":""},"tablet":{"background-color":"","background-image":"","background-repeat":"repeat","background-position":"center center","background-size":"auto","background-attachment":"scroll","background-type":"","background-media":"","overlay-type":"","overlay-color":"","overlay-opacity":"","overlay-gradient":""},"mobile":{"background-color":"","background-image":"","background-repeat":"repeat","background-position":"center center","background-size":"auto","background-attachment":"scroll","background-type":"","background-media":"","overlay-type":"","overlay-color":"","overlay-opacity":"","overlay-gradient":""}},"ast-content-background-meta":{"desktop":{"background-color":"var(--ast-global-color-5)","background-image":"","background-repeat":"repeat","background-position":"center center","background-size":"auto","background-attachment":"scroll","background-type":"","background-media":"","overlay-type":"","overlay-color":"","overlay-opacity":"","overlay-gradient":""},"tablet":{"background-color":"var(--ast-global-color-5)","background-image":"","background-repeat":"repeat","background-position":"center center","background-size":"auto","background-attachment":"scroll","background-type":"","background-media":"","overlay-type":"","overlay-color":"","overlay-opacity":"","overlay-gradient":""},"mobile":{"background-color":"var(--ast-global-color-5)","background-image":"","background-repeat":"repeat","background-position":"center center","background-size":"auto","background-attachment":"scroll","background-type":"","background-media":"","overlay-type":"","overlay-color":"","overlay-opacity":"","overlay-gradient":""}}},"product_brand":[],"product_cat":[1101,27,1084,1097],"product_tag":[133,148,127,218,147],"class_list":{"0":"post-26165","1":"product","2":"type-product","3":"status-publish","4":"has-post-thumbnail","6":"product_cat-articulos-sostenibles","7":"product_cat-jarras-y-termos","8":"product_cat-oficina-y-negocios","9":"product_cat-tazas","10":"product_tag-articulos-sostenibles","11":"product_tag-jarras-y-termos","12":"product_tag-oficina-y-negocios","13":"product_tag-set","14":"product_tag-tazas","15":"desktop-align-center","16":"tablet-align-left","17":"mobile-align-left","19":"first","20":"instock","21":"product-type-simple"},"_links":{"self":[{"href":"https:\/\/tienda.cromavite.com\/index.php\/wp-json\/wp\/v2\/product\/26165","targetHints":{"allow":["GET"]}}],"collection":[{"href":"https:\/\/tienda.cromavite.com\/index.php\/wp-json\/wp\/v2\/product"}],"about":[{"href":"https:\/\/tienda.cromavite.com\/index.php\/wp-json\/wp\/v2\/types\/product"}],"replies":[{"embeddable":true,"href":"https:\/\/tienda.cromavite.com\/index.php\/wp-json\/wp\/v2\/comments?post=26165"}],"wp:featuredmedia":[{"embeddable":true,"href":"https:\/\/tienda.cromavite.com\/index.php\/wp-json\/wp\/v2\/media\/26166"}],"wp:attachment":[{"href":"https:\/\/tienda.cromavite.com\/index.php\/wp-json\/wp\/v2\/media?parent=26165"}],"wp:term":[{"taxonomy":"product_brand","embeddable":true,"href":"https:\/\/tienda.cromavite.com\/index.php\/wp-json\/wp\/v2\/product_brand?post=26165"},{"taxonomy":"product_cat","embeddable":true,"href":"https:\/\/tienda.cromavite.com\/index.php\/wp-json\/wp\/v2\/product_cat?post=26165"},{"taxonomy":"product_tag","embeddable":true,"href":"https:\/\/tienda.cromavite.com\/index.php\/wp-json\/wp\/v2\/product_tag?post=26165"}],"curies":[{"name":"wp","href":"https:\/\/api.w.org\/{rel}","templated":true}]}}