{"id":27670,"date":"2025-09-28T00:43:25","date_gmt":"2025-09-27T22:43:25","guid":{"rendered":"https:\/\/tienda.cromavite.com\/index.php\/producto\/set-menaje-camping-sondic\/"},"modified":"2025-09-28T00:44:25","modified_gmt":"2025-09-27T22:44:25","slug":"set-menaje-camping-sondic","status":"publish","type":"product","link":"https:\/\/tienda.cromavite.com\/index.php\/producto\/set-menaje-camping-sondic\/","title":{"rendered":"Set Menaje Camping Sondic"},"content":{"rendered":"<p>Completo set de menaje para camping de tama\u00f1o ultra compacto. Presentado en resistente funda de RPET con cierre de cord\u00f3n, accesorio de ajuste y etiqueta exterior con distintivo RPET. Contenido:1 olla de aluminio acabado gris mate. 800 ml de capacidad 13 cm de di\u00e1metro x 10 cm de alto. Asas plegables con protecci\u00f3n antiquemaduras.1 olla de aluminio acabado gris mate. 600 ml de capacidad 12 cm de di\u00e1metro x 6,5 cm de alto. Asas plegables con protecci\u00f3n antiquemaduras.Cuchara, cuchillo y tenedor plegables fabricados en acero inox. Con mango troquelado y cierres de seguridad. Presentados en funda individual de RPET con cordones de cierre. El material RPET de las fundas se elabora a partir de pl\u00e1stico reciclado, para as\u00ed fomentar la reutilizaci\u00f3n de residuos pl\u00e1sticos y ayudar a la sostenibilidad del planeta.<br \/>\n5 Accesorios. Funda Poli\u00e9ster RPET<\/p>\n","protected":false},"excerpt":{"rendered":"<p>Set Menaje Camping Sondic<\/p>\n","protected":false},"featured_media":27671,"comment_status":"closed","ping_status":"open","template":"","meta":{"site-sidebar-layout":"default","site-content-layout":"","ast-site-content-layout":"","site-content-style":"default","site-sidebar-style":"default","ast-global-header-display":"","ast-banner-title-visibility":"","ast-main-header-display":"","ast-hfb-above-header-display":"","ast-hfb-below-header-display":"","ast-hfb-mobile-header-display":"","site-post-title":"","ast-breadcrumbs-content":"","ast-featured-img":"","footer-sml-layout":"","theme-transparent-header-meta":"","adv-header-id-meta":"","stick-header-meta":"","header-above-stick-meta":"","header-main-stick-meta":"","header-below-stick-meta":"","astra-migrate-meta-layouts":"default","ast-page-background-enabled":"default","ast-page-background-meta":{"desktop":{"background-color":"var(--ast-global-color-4)","background-image":"","background-repeat":"repeat","background-position":"center center","background-size":"auto","background-attachment":"scroll","background-type":"","background-media":"","overlay-type":"","overlay-color":"","overlay-opacity":"","overlay-gradient":""},"tablet":{"background-color":"","background-image":"","background-repeat":"repeat","background-position":"center center","background-size":"auto","background-attachment":"scroll","background-type":"","background-media":"","overlay-type":"","overlay-color":"","overlay-opacity":"","overlay-gradient":""},"mobile":{"background-color":"","background-image":"","background-repeat":"repeat","background-position":"center center","background-size":"auto","background-attachment":"scroll","background-type":"","background-media":"","overlay-type":"","overlay-color":"","overlay-opacity":"","overlay-gradient":""}},"ast-content-background-meta":{"desktop":{"background-color":"var(--ast-global-color-5)","background-image":"","background-repeat":"repeat","background-position":"center center","background-size":"auto","background-attachment":"scroll","background-type":"","background-media":"","overlay-type":"","overlay-color":"","overlay-opacity":"","overlay-gradient":""},"tablet":{"background-color":"var(--ast-global-color-5)","background-image":"","background-repeat":"repeat","background-position":"center center","background-size":"auto","background-attachment":"scroll","background-type":"","background-media":"","overlay-type":"","overlay-color":"","overlay-opacity":"","overlay-gradient":""},"mobile":{"background-color":"var(--ast-global-color-5)","background-image":"","background-repeat":"repeat","background-position":"center center","background-size":"auto","background-attachment":"scroll","background-type":"","background-media":"","overlay-type":"","overlay-color":"","overlay-opacity":"","overlay-gradient":""}}},"product_brand":[],"product_cat":[1120],"product_tag":[227,846],"class_list":{"0":"post-27670","1":"product","2":"type-product","3":"status-publish","4":"has-post-thumbnail","6":"product_cat-ocio-y-tiempo-libre","7":"product_tag-ocio-y-tiempo-libre","8":"product_tag-set-menaje-camping","9":"desktop-align-center","10":"tablet-align-left","11":"mobile-align-left","13":"first","14":"instock","15":"product-type-simple"},"_links":{"self":[{"href":"https:\/\/tienda.cromavite.com\/index.php\/wp-json\/wp\/v2\/product\/27670","targetHints":{"allow":["GET"]}}],"collection":[{"href":"https:\/\/tienda.cromavite.com\/index.php\/wp-json\/wp\/v2\/product"}],"about":[{"href":"https:\/\/tienda.cromavite.com\/index.php\/wp-json\/wp\/v2\/types\/product"}],"replies":[{"embeddable":true,"href":"https:\/\/tienda.cromavite.com\/index.php\/wp-json\/wp\/v2\/comments?post=27670"}],"wp:featuredmedia":[{"embeddable":true,"href":"https:\/\/tienda.cromavite.com\/index.php\/wp-json\/wp\/v2\/media\/27671"}],"wp:attachment":[{"href":"https:\/\/tienda.cromavite.com\/index.php\/wp-json\/wp\/v2\/media?parent=27670"}],"wp:term":[{"taxonomy":"product_brand","embeddable":true,"href":"https:\/\/tienda.cromavite.com\/index.php\/wp-json\/wp\/v2\/product_brand?post=27670"},{"taxonomy":"product_cat","embeddable":true,"href":"https:\/\/tienda.cromavite.com\/index.php\/wp-json\/wp\/v2\/product_cat?post=27670"},{"taxonomy":"product_tag","embeddable":true,"href":"https:\/\/tienda.cromavite.com\/index.php\/wp-json\/wp\/v2\/product_tag?post=27670"}],"curies":[{"name":"wp","href":"https:\/\/api.w.org\/{rel}","templated":true}]}}