{"id":29608,"date":"2025-09-28T01:35:45","date_gmt":"2025-09-27T23:35:45","guid":{"rendered":"https:\/\/tienda.cromavite.com\/index.php\/producto\/bloc-notas-semillas-maiwen\/"},"modified":"2025-09-28T01:35:52","modified_gmt":"2025-09-27T23:35:52","slug":"bloc-notas-semillas-maiwen","status":"publish","type":"product","link":"https:\/\/tienda.cromavite.com\/index.php\/producto\/bloc-notas-semillas-maiwen\/","title":{"rendered":"Bloc Notas Semillas Maiwen"},"content":{"rendered":"<p>Bloc de notas A5 de l\u00ednea nature, con cubiertas fabricadas en papel semilla, reciclable y degradable. Incluye semillas de petunia en ambas cubiertas, convirti\u00e9ndolo as\u00ed en papel plantable al final de su vida \u00fatil. Interior con 60 hojas lisas de acabado kraft. Flores en colores surtidos, con instrucciones de plantado en el interior y presentado en bolsa individual de cart\u00f3n reciclado.<br \/>\n60 Hojas. Semillas de Petunia Incluidas. Flores Colores Surtidos<\/p>\n","protected":false},"excerpt":{"rendered":"<p>Bloc Notas Semillas Maiwen<\/p>\n","protected":false},"featured_media":29609,"comment_status":"closed","ping_status":"open","template":"","meta":{"site-sidebar-layout":"default","site-content-layout":"","ast-site-content-layout":"","site-content-style":"default","site-sidebar-style":"default","ast-global-header-display":"","ast-banner-title-visibility":"","ast-main-header-display":"","ast-hfb-above-header-display":"","ast-hfb-below-header-display":"","ast-hfb-mobile-header-display":"","site-post-title":"","ast-breadcrumbs-content":"","ast-featured-img":"","footer-sml-layout":"","theme-transparent-header-meta":"","adv-header-id-meta":"","stick-header-meta":"","header-above-stick-meta":"","header-main-stick-meta":"","header-below-stick-meta":"","astra-migrate-meta-layouts":"default","ast-page-background-enabled":"default","ast-page-background-meta":{"desktop":{"background-color":"var(--ast-global-color-4)","background-image":"","background-repeat":"repeat","background-position":"center center","background-size":"auto","background-attachment":"scroll","background-type":"","background-media":"","overlay-type":"","overlay-color":"","overlay-opacity":"","overlay-gradient":""},"tablet":{"background-color":"","background-image":"","background-repeat":"repeat","background-position":"center center","background-size":"auto","background-attachment":"scroll","background-type":"","background-media":"","overlay-type":"","overlay-color":"","overlay-opacity":"","overlay-gradient":""},"mobile":{"background-color":"","background-image":"","background-repeat":"repeat","background-position":"center center","background-size":"auto","background-attachment":"scroll","background-type":"","background-media":"","overlay-type":"","overlay-color":"","overlay-opacity":"","overlay-gradient":""}},"ast-content-background-meta":{"desktop":{"background-color":"var(--ast-global-color-5)","background-image":"","background-repeat":"repeat","background-position":"center center","background-size":"auto","background-attachment":"scroll","background-type":"","background-media":"","overlay-type":"","overlay-color":"","overlay-opacity":"","overlay-gradient":""},"tablet":{"background-color":"var(--ast-global-color-5)","background-image":"","background-repeat":"repeat","background-position":"center center","background-size":"auto","background-attachment":"scroll","background-type":"","background-media":"","overlay-type":"","overlay-color":"","overlay-opacity":"","overlay-gradient":""},"mobile":{"background-color":"var(--ast-global-color-5)","background-image":"","background-repeat":"repeat","background-position":"center center","background-size":"auto","background-attachment":"scroll","background-type":"","background-media":"","overlay-type":"","overlay-color":"","overlay-opacity":"","overlay-gradient":""}}},"product_brand":[],"product_cat":[1101,1084],"product_tag":[133,882,127],"class_list":{"0":"post-29608","1":"product","2":"type-product","3":"status-publish","4":"has-post-thumbnail","6":"product_cat-articulos-sostenibles","7":"product_cat-oficina-y-negocios","8":"product_tag-articulos-sostenibles","9":"product_tag-bloc-notas-semillas","10":"product_tag-oficina-y-negocios","11":"desktop-align-center","12":"tablet-align-left","13":"mobile-align-left","15":"first","16":"instock","17":"product-type-simple"},"_links":{"self":[{"href":"https:\/\/tienda.cromavite.com\/index.php\/wp-json\/wp\/v2\/product\/29608","targetHints":{"allow":["GET"]}}],"collection":[{"href":"https:\/\/tienda.cromavite.com\/index.php\/wp-json\/wp\/v2\/product"}],"about":[{"href":"https:\/\/tienda.cromavite.com\/index.php\/wp-json\/wp\/v2\/types\/product"}],"replies":[{"embeddable":true,"href":"https:\/\/tienda.cromavite.com\/index.php\/wp-json\/wp\/v2\/comments?post=29608"}],"wp:featuredmedia":[{"embeddable":true,"href":"https:\/\/tienda.cromavite.com\/index.php\/wp-json\/wp\/v2\/media\/29609"}],"wp:attachment":[{"href":"https:\/\/tienda.cromavite.com\/index.php\/wp-json\/wp\/v2\/media?parent=29608"}],"wp:term":[{"taxonomy":"product_brand","embeddable":true,"href":"https:\/\/tienda.cromavite.com\/index.php\/wp-json\/wp\/v2\/product_brand?post=29608"},{"taxonomy":"product_cat","embeddable":true,"href":"https:\/\/tienda.cromavite.com\/index.php\/wp-json\/wp\/v2\/product_cat?post=29608"},{"taxonomy":"product_tag","embeddable":true,"href":"https:\/\/tienda.cromavite.com\/index.php\/wp-json\/wp\/v2\/product_tag?post=29608"}],"curies":[{"name":"wp","href":"https:\/\/api.w.org\/{rel}","templated":true}]}}