{"id":30190,"date":"2025-09-28T01:48:39","date_gmt":"2025-09-27T23:48:39","guid":{"rendered":"https:\/\/tienda.cromavite.com\/index.php\/producto\/auriculares-shizar-rcs\/"},"modified":"2025-09-28T01:49:01","modified_gmt":"2025-09-27T23:49:01","slug":"auriculares-shizar-rcs","status":"publish","type":"product","link":"https:\/\/tienda.cromavite.com\/index.php\/producto\/auriculares-shizar-rcs\/","title":{"rendered":"Auriculares Shizar RCS"},"content":{"rendered":"<p>Auriculares intraurales Bluetooth, fabricados en RABS y en elegante color blanco, con la tapa de la base de carga forrada en cuero reciclado.Conexi\u00f3n Bluetooth 5.1, funci\u00f3n manos libres y bater\u00eda de 30 mAh. De dise\u00f1o ergon\u00f3mico, incluyen bot\u00f3n de control t\u00e1ctil integrado en cada auricular y luz LED de estado de carga. Base de carga a juego, con bater\u00eda de 300mAh. Incluye cable cargador Tipo C y manual de instrucciones en espa\u00f1ol e ingl\u00e9s. Presentado en caja individual de dise\u00f1o kraft.El material RABS o ABS Reciclado y el cuero reciclado proceden del reciclado de art\u00edculos al final de su vida \u00fatil. Los materiales reciclados empleados incorporan la certificaci\u00f3n RCS, que garantiza el origen reciclado de los mismos.<br \/>\nConexi\u00f3n Bluetooth. Bater\u00eda 30 mAh\/ Base Carga 300 mAh<\/p>\n","protected":false},"excerpt":{"rendered":"<p>Auriculares Shizar RCS<\/p>\n","protected":false},"featured_media":30191,"comment_status":"closed","ping_status":"open","template":"","meta":{"site-sidebar-layout":"default","site-content-layout":"","ast-site-content-layout":"","site-content-style":"default","site-sidebar-style":"default","ast-global-header-display":"","ast-banner-title-visibility":"","ast-main-header-display":"","ast-hfb-above-header-display":"","ast-hfb-below-header-display":"","ast-hfb-mobile-header-display":"","site-post-title":"","ast-breadcrumbs-content":"","ast-featured-img":"","footer-sml-layout":"","theme-transparent-header-meta":"","adv-header-id-meta":"","stick-header-meta":"","header-above-stick-meta":"","header-main-stick-meta":"","header-below-stick-meta":"","astra-migrate-meta-layouts":"default","ast-page-background-enabled":"default","ast-page-background-meta":{"desktop":{"background-color":"var(--ast-global-color-4)","background-image":"","background-repeat":"repeat","background-position":"center center","background-size":"auto","background-attachment":"scroll","background-type":"","background-media":"","overlay-type":"","overlay-color":"","overlay-opacity":"","overlay-gradient":""},"tablet":{"background-color":"","background-image":"","background-repeat":"repeat","background-position":"center center","background-size":"auto","background-attachment":"scroll","background-type":"","background-media":"","overlay-type":"","overlay-color":"","overlay-opacity":"","overlay-gradient":""},"mobile":{"background-color":"","background-image":"","background-repeat":"repeat","background-position":"center center","background-size":"auto","background-attachment":"scroll","background-type":"","background-media":"","overlay-type":"","overlay-color":"","overlay-opacity":"","overlay-gradient":""}},"ast-content-background-meta":{"desktop":{"background-color":"var(--ast-global-color-5)","background-image":"","background-repeat":"repeat","background-position":"center center","background-size":"auto","background-attachment":"scroll","background-type":"","background-media":"","overlay-type":"","overlay-color":"","overlay-opacity":"","overlay-gradient":""},"tablet":{"background-color":"var(--ast-global-color-5)","background-image":"","background-repeat":"repeat","background-position":"center center","background-size":"auto","background-attachment":"scroll","background-type":"","background-media":"","overlay-type":"","overlay-color":"","overlay-opacity":"","overlay-gradient":""},"mobile":{"background-color":"var(--ast-global-color-5)","background-image":"","background-repeat":"repeat","background-position":"center center","background-size":"auto","background-attachment":"scroll","background-type":"","background-media":"","overlay-type":"","overlay-color":"","overlay-opacity":"","overlay-gradient":""}}},"product_brand":[],"product_cat":[1101,1088],"product_tag":[133,243,130],"class_list":{"0":"post-30190","1":"product","2":"type-product","3":"status-publish","4":"has-post-thumbnail","6":"product_cat-articulos-sostenibles","7":"product_cat-tecnologia-y-accesorios","8":"product_tag-articulos-sostenibles","9":"product_tag-auriculares","10":"product_tag-tecnologia-y-accesorios","11":"desktop-align-center","12":"tablet-align-left","13":"mobile-align-left","15":"first","16":"instock","17":"product-type-simple"},"_links":{"self":[{"href":"https:\/\/tienda.cromavite.com\/index.php\/wp-json\/wp\/v2\/product\/30190","targetHints":{"allow":["GET"]}}],"collection":[{"href":"https:\/\/tienda.cromavite.com\/index.php\/wp-json\/wp\/v2\/product"}],"about":[{"href":"https:\/\/tienda.cromavite.com\/index.php\/wp-json\/wp\/v2\/types\/product"}],"replies":[{"embeddable":true,"href":"https:\/\/tienda.cromavite.com\/index.php\/wp-json\/wp\/v2\/comments?post=30190"}],"wp:featuredmedia":[{"embeddable":true,"href":"https:\/\/tienda.cromavite.com\/index.php\/wp-json\/wp\/v2\/media\/30191"}],"wp:attachment":[{"href":"https:\/\/tienda.cromavite.com\/index.php\/wp-json\/wp\/v2\/media?parent=30190"}],"wp:term":[{"taxonomy":"product_brand","embeddable":true,"href":"https:\/\/tienda.cromavite.com\/index.php\/wp-json\/wp\/v2\/product_brand?post=30190"},{"taxonomy":"product_cat","embeddable":true,"href":"https:\/\/tienda.cromavite.com\/index.php\/wp-json\/wp\/v2\/product_cat?post=30190"},{"taxonomy":"product_tag","embeddable":true,"href":"https:\/\/tienda.cromavite.com\/index.php\/wp-json\/wp\/v2\/product_tag?post=30190"}],"curies":[{"name":"wp","href":"https:\/\/api.w.org\/{rel}","templated":true}]}}