{"id":30354,"date":"2025-09-28T01:51:42","date_gmt":"2025-09-27T23:51:42","guid":{"rendered":"https:\/\/tienda.cromavite.com\/index.php\/producto\/set-mionca\/"},"modified":"2025-09-28T01:51:58","modified_gmt":"2025-09-27T23:51:58","slug":"set-mionca","status":"publish","type":"product","link":"https:\/\/tienda.cromavite.com\/index.php\/producto\/set-mionca\/","title":{"rendered":"Set Mionca"},"content":{"rendered":"<p>Set vegano de jab\u00f3n y champ\u00fa s\u00f3lidos. Contenido: Pastilla de jab\u00f3n bot\u00e1nico de 50 gr, elaborada con ingredientes de cultivo ecol\u00f3gico. Con propiedades reguladoras y purificantes. Champ\u00fa s\u00f3lido Shikakai de 30 gr, elaborado con una selecci\u00f3n de ingredientes activos como la oliva virgen, manteca de karit\u00e9 bio, zanahoria y extractos bot\u00e1nicos de shikakai. Rico en vitamina E, aportando al cabello limpieza, sedosidad y vigor. De agradable fragancia que aporta un estado de placer y bienestar interior. Presentaci\u00f3n en bolsa individual de algod\u00f3n, con cierre de cord\u00f3n y etiqueta distintiva. Dermatol\u00f3gicamente testado y de fabricaci\u00f3n europea. Producto sostenible y 100% vegano, sin ingredientes de procedencia animal. Adem\u00e1s, no se han realizado pruebas de estos productos en animales, promoviendo el cuidado y respeto de todos ellos.<br \/>\nJab\u00f3n Exfoliante Barro Mar Muerto 50 gr. Y Champ\u00fa Shikakai 30 gr<\/p>\n","protected":false},"excerpt":{"rendered":"<p>Set Mionca<\/p>\n","protected":false},"featured_media":30355,"comment_status":"closed","ping_status":"open","template":"","meta":{"site-sidebar-layout":"default","site-content-layout":"","ast-site-content-layout":"","site-content-style":"default","site-sidebar-style":"default","ast-global-header-display":"","ast-banner-title-visibility":"","ast-main-header-display":"","ast-hfb-above-header-display":"","ast-hfb-below-header-display":"","ast-hfb-mobile-header-display":"","site-post-title":"","ast-breadcrumbs-content":"","ast-featured-img":"","footer-sml-layout":"","theme-transparent-header-meta":"","adv-header-id-meta":"","stick-header-meta":"","header-above-stick-meta":"","header-main-stick-meta":"","header-below-stick-meta":"","astra-migrate-meta-layouts":"default","ast-page-background-enabled":"default","ast-page-background-meta":{"desktop":{"background-color":"var(--ast-global-color-4)","background-image":"","background-repeat":"repeat","background-position":"center center","background-size":"auto","background-attachment":"scroll","background-type":"","background-media":"","overlay-type":"","overlay-color":"","overlay-opacity":"","overlay-gradient":""},"tablet":{"background-color":"","background-image":"","background-repeat":"repeat","background-position":"center center","background-size":"auto","background-attachment":"scroll","background-type":"","background-media":"","overlay-type":"","overlay-color":"","overlay-opacity":"","overlay-gradient":""},"mobile":{"background-color":"","background-image":"","background-repeat":"repeat","background-position":"center center","background-size":"auto","background-attachment":"scroll","background-type":"","background-media":"","overlay-type":"","overlay-color":"","overlay-opacity":"","overlay-gradient":""}},"ast-content-background-meta":{"desktop":{"background-color":"var(--ast-global-color-5)","background-image":"","background-repeat":"repeat","background-position":"center center","background-size":"auto","background-attachment":"scroll","background-type":"","background-media":"","overlay-type":"","overlay-color":"","overlay-opacity":"","overlay-gradient":""},"tablet":{"background-color":"var(--ast-global-color-5)","background-image":"","background-repeat":"repeat","background-position":"center center","background-size":"auto","background-attachment":"scroll","background-type":"","background-media":"","overlay-type":"","overlay-color":"","overlay-opacity":"","overlay-gradient":""},"mobile":{"background-color":"var(--ast-global-color-5)","background-image":"","background-repeat":"repeat","background-position":"center center","background-size":"auto","background-attachment":"scroll","background-type":"","background-media":"","overlay-type":"","overlay-color":"","overlay-opacity":"","overlay-gradient":""}}},"product_brand":[],"product_cat":[1123,1110,1133,1095],"product_tag":[133,167,776,142,218],"class_list":{"0":"post-30354","1":"product","2":"type-product","3":"status-publish","4":"has-post-thumbnail","6":"product_cat-articulos-sosteniblesarticulos-sostenibles","7":"product_cat-cuidado-personal-y-pharma","8":"product_cat-made-in-europe","9":"product_cat-regalos-y-premiums","10":"product_tag-articulos-sostenibles","11":"product_tag-cuidado-personal-y-pharma","12":"product_tag-made-in-europe","13":"product_tag-regalos-y-premiums","14":"product_tag-set","15":"desktop-align-center","16":"tablet-align-left","17":"mobile-align-left","19":"first","20":"instock","21":"product-type-simple"},"_links":{"self":[{"href":"https:\/\/tienda.cromavite.com\/index.php\/wp-json\/wp\/v2\/product\/30354","targetHints":{"allow":["GET"]}}],"collection":[{"href":"https:\/\/tienda.cromavite.com\/index.php\/wp-json\/wp\/v2\/product"}],"about":[{"href":"https:\/\/tienda.cromavite.com\/index.php\/wp-json\/wp\/v2\/types\/product"}],"replies":[{"embeddable":true,"href":"https:\/\/tienda.cromavite.com\/index.php\/wp-json\/wp\/v2\/comments?post=30354"}],"wp:featuredmedia":[{"embeddable":true,"href":"https:\/\/tienda.cromavite.com\/index.php\/wp-json\/wp\/v2\/media\/30355"}],"wp:attachment":[{"href":"https:\/\/tienda.cromavite.com\/index.php\/wp-json\/wp\/v2\/media?parent=30354"}],"wp:term":[{"taxonomy":"product_brand","embeddable":true,"href":"https:\/\/tienda.cromavite.com\/index.php\/wp-json\/wp\/v2\/product_brand?post=30354"},{"taxonomy":"product_cat","embeddable":true,"href":"https:\/\/tienda.cromavite.com\/index.php\/wp-json\/wp\/v2\/product_cat?post=30354"},{"taxonomy":"product_tag","embeddable":true,"href":"https:\/\/tienda.cromavite.com\/index.php\/wp-json\/wp\/v2\/product_tag?post=30354"}],"curies":[{"name":"wp","href":"https:\/\/api.w.org\/{rel}","templated":true}]}}