{"id":30362,"date":"2025-09-28T01:51:42","date_gmt":"2025-09-27T23:51:42","guid":{"rendered":"https:\/\/tienda.cromavite.com\/index.php\/producto\/set-champus-turuen\/"},"modified":"2025-09-28T01:52:06","modified_gmt":"2025-09-27T23:52:06","slug":"set-champus-turuen","status":"publish","type":"product","link":"https:\/\/tienda.cromavite.com\/index.php\/producto\/set-champus-turuen\/","title":{"rendered":"Set Champ\u00fas Turuen"},"content":{"rendered":"<p>Set vegano de champ\u00fas. Contenido: 1 x champ\u00fa s\u00f3lido Shikakai de 30 gr, elaborado con una selecci\u00f3n de ingredientes activos como la oliva virgen, manteca de karit\u00e9 bio, zanahoria y extractos bot\u00e1nicos de shikakai. Rico en vitamina E, aportando al cabello limpieza, sedosidad y vigor. De agradable fragancia que aporta un estado de placer y bienestar interior. 1 x champ\u00fa s\u00f3lido Amalaki de 30 gr, con extractos de plantas y especias. Enriquecido con c\u00farcuma, amalaki, aguacate, oliva, jojoba, rosa damascena, pomelo blanco y naranja, que aportan una hidrataci\u00f3n profunda y un brillo impresionante. 1 x champ\u00fa s\u00f3lido Ghassoul de 30 gr. Con ghassoul procedente de Marruecos, aportando flexibilidad, volumen y brillo sin alterar la queritina natural. Rico en manteca de karit\u00e9, aportando hidrataci\u00f3n y suavidad. La mandarina aporta brillo y los aceites esenciales de incienso, geranio, lavanda y rosa le dan un aroma cautivador que te llevar\u00e1 a un estado de equilibrio y paz. Presentaci\u00f3n en bolsa individual de algod\u00f3n, con cierre de cord\u00f3n y etiqueta distintiva. Dermatol\u00f3gicamente testado y de fabricaci\u00f3n europea. Producto sostenible y 100% vegano, sin ingredientes de procedencia animal. Adem\u00e1s, no se han realizado pruebas de estos productos en animales, promoviendo el cuidado y respeto de todos ellos.<br \/>\n3 Piezas 30 gr. Shikakai, Amalaki y Ghassoul<\/p>\n","protected":false},"excerpt":{"rendered":"<p>Set Champ\u00fas Turuen<\/p>\n","protected":false},"featured_media":30363,"comment_status":"closed","ping_status":"open","template":"","meta":{"site-sidebar-layout":"default","site-content-layout":"","ast-site-content-layout":"","site-content-style":"default","site-sidebar-style":"default","ast-global-header-display":"","ast-banner-title-visibility":"","ast-main-header-display":"","ast-hfb-above-header-display":"","ast-hfb-below-header-display":"","ast-hfb-mobile-header-display":"","site-post-title":"","ast-breadcrumbs-content":"","ast-featured-img":"","footer-sml-layout":"","theme-transparent-header-meta":"","adv-header-id-meta":"","stick-header-meta":"","header-above-stick-meta":"","header-main-stick-meta":"","header-below-stick-meta":"","astra-migrate-meta-layouts":"default","ast-page-background-enabled":"default","ast-page-background-meta":{"desktop":{"background-color":"var(--ast-global-color-4)","background-image":"","background-repeat":"repeat","background-position":"center center","background-size":"auto","background-attachment":"scroll","background-type":"","background-media":"","overlay-type":"","overlay-color":"","overlay-opacity":"","overlay-gradient":""},"tablet":{"background-color":"","background-image":"","background-repeat":"repeat","background-position":"center center","background-size":"auto","background-attachment":"scroll","background-type":"","background-media":"","overlay-type":"","overlay-color":"","overlay-opacity":"","overlay-gradient":""},"mobile":{"background-color":"","background-image":"","background-repeat":"repeat","background-position":"center center","background-size":"auto","background-attachment":"scroll","background-type":"","background-media":"","overlay-type":"","overlay-color":"","overlay-opacity":"","overlay-gradient":""}},"ast-content-background-meta":{"desktop":{"background-color":"var(--ast-global-color-5)","background-image":"","background-repeat":"repeat","background-position":"center center","background-size":"auto","background-attachment":"scroll","background-type":"","background-media":"","overlay-type":"","overlay-color":"","overlay-opacity":"","overlay-gradient":""},"tablet":{"background-color":"var(--ast-global-color-5)","background-image":"","background-repeat":"repeat","background-position":"center center","background-size":"auto","background-attachment":"scroll","background-type":"","background-media":"","overlay-type":"","overlay-color":"","overlay-opacity":"","overlay-gradient":""},"mobile":{"background-color":"var(--ast-global-color-5)","background-image":"","background-repeat":"repeat","background-position":"center center","background-size":"auto","background-attachment":"scroll","background-type":"","background-media":"","overlay-type":"","overlay-color":"","overlay-opacity":"","overlay-gradient":""}}},"product_brand":[],"product_cat":[1101,1110],"product_tag":[133,167,894],"class_list":{"0":"post-30362","1":"product","2":"type-product","3":"status-publish","4":"has-post-thumbnail","6":"product_cat-articulos-sostenibles","7":"product_cat-cuidado-personal-y-pharma","8":"product_tag-articulos-sostenibles","9":"product_tag-cuidado-personal-y-pharma","10":"product_tag-set-champus","11":"desktop-align-center","12":"tablet-align-left","13":"mobile-align-left","15":"first","16":"instock","17":"product-type-simple"},"_links":{"self":[{"href":"https:\/\/tienda.cromavite.com\/index.php\/wp-json\/wp\/v2\/product\/30362","targetHints":{"allow":["GET"]}}],"collection":[{"href":"https:\/\/tienda.cromavite.com\/index.php\/wp-json\/wp\/v2\/product"}],"about":[{"href":"https:\/\/tienda.cromavite.com\/index.php\/wp-json\/wp\/v2\/types\/product"}],"replies":[{"embeddable":true,"href":"https:\/\/tienda.cromavite.com\/index.php\/wp-json\/wp\/v2\/comments?post=30362"}],"wp:featuredmedia":[{"embeddable":true,"href":"https:\/\/tienda.cromavite.com\/index.php\/wp-json\/wp\/v2\/media\/30363"}],"wp:attachment":[{"href":"https:\/\/tienda.cromavite.com\/index.php\/wp-json\/wp\/v2\/media?parent=30362"}],"wp:term":[{"taxonomy":"product_brand","embeddable":true,"href":"https:\/\/tienda.cromavite.com\/index.php\/wp-json\/wp\/v2\/product_brand?post=30362"},{"taxonomy":"product_cat","embeddable":true,"href":"https:\/\/tienda.cromavite.com\/index.php\/wp-json\/wp\/v2\/product_cat?post=30362"},{"taxonomy":"product_tag","embeddable":true,"href":"https:\/\/tienda.cromavite.com\/index.php\/wp-json\/wp\/v2\/product_tag?post=30362"}],"curies":[{"name":"wp","href":"https:\/\/api.w.org\/{rel}","templated":true}]}}