{"id":31302,"date":"2025-09-28T02:11:56","date_gmt":"2025-09-28T00:11:56","guid":{"rendered":"https:\/\/tienda.cromavite.com\/index.php\/producto\/linterna-freddie\/"},"modified":"2025-09-28T02:12:14","modified_gmt":"2025-09-28T00:12:14","slug":"linterna-freddie","status":"publish","type":"product","link":"https:\/\/tienda.cromavite.com\/index.php\/producto\/linterna-freddie\/","title":{"rendered":"Linterna Freddie"},"content":{"rendered":"<p>Linterna fabricada en bamb\u00fa y resistente ABS negro. Con 9 LEDs, correa de sujeci\u00f3n y alimentaci\u00f3n a pilas (3xAAA no incluidas). Presentada en caja individual de dise\u00f1o kraft.Materiales como el bamb\u00fa fomentan la utilizaci\u00f3n de materias primas naturales reduciendo las emisiones contaminantes. Adem\u00e1s, el bamb\u00fa proviene de una planta de gran resistencia y versatilidad, con crecimiento y regeneraci\u00f3n r\u00e1pida, siendo una excelente alternativa al uso de madera tradicional.<br \/>\n9 Ledes. 3 Pilas AAA No Incluidas<\/p>\n","protected":false},"excerpt":{"rendered":"<p>Linterna Freddie<\/p>\n","protected":false},"featured_media":31303,"comment_status":"closed","ping_status":"open","template":"","meta":{"site-sidebar-layout":"default","site-content-layout":"","ast-site-content-layout":"","site-content-style":"default","site-sidebar-style":"default","ast-global-header-display":"","ast-banner-title-visibility":"","ast-main-header-display":"","ast-hfb-above-header-display":"","ast-hfb-below-header-display":"","ast-hfb-mobile-header-display":"","site-post-title":"","ast-breadcrumbs-content":"","ast-featured-img":"","footer-sml-layout":"","theme-transparent-header-meta":"","adv-header-id-meta":"","stick-header-meta":"","header-above-stick-meta":"","header-main-stick-meta":"","header-below-stick-meta":"","astra-migrate-meta-layouts":"default","ast-page-background-enabled":"default","ast-page-background-meta":{"desktop":{"background-color":"var(--ast-global-color-4)","background-image":"","background-repeat":"repeat","background-position":"center center","background-size":"auto","background-attachment":"scroll","background-type":"","background-media":"","overlay-type":"","overlay-color":"","overlay-opacity":"","overlay-gradient":""},"tablet":{"background-color":"","background-image":"","background-repeat":"repeat","background-position":"center center","background-size":"auto","background-attachment":"scroll","background-type":"","background-media":"","overlay-type":"","overlay-color":"","overlay-opacity":"","overlay-gradient":""},"mobile":{"background-color":"","background-image":"","background-repeat":"repeat","background-position":"center center","background-size":"auto","background-attachment":"scroll","background-type":"","background-media":"","overlay-type":"","overlay-color":"","overlay-opacity":"","overlay-gradient":""}},"ast-content-background-meta":{"desktop":{"background-color":"var(--ast-global-color-5)","background-image":"","background-repeat":"repeat","background-position":"center center","background-size":"auto","background-attachment":"scroll","background-type":"","background-media":"","overlay-type":"","overlay-color":"","overlay-opacity":"","overlay-gradient":""},"tablet":{"background-color":"var(--ast-global-color-5)","background-image":"","background-repeat":"repeat","background-position":"center center","background-size":"auto","background-attachment":"scroll","background-type":"","background-media":"","overlay-type":"","overlay-color":"","overlay-opacity":"","overlay-gradient":""},"mobile":{"background-color":"var(--ast-global-color-5)","background-image":"","background-repeat":"repeat","background-position":"center center","background-size":"auto","background-attachment":"scroll","background-type":"","background-media":"","overlay-type":"","overlay-color":"","overlay-opacity":"","overlay-gradient":""}}},"product_brand":[],"product_cat":[1101,83,1082,1095],"product_tag":[133,121,120,263,142],"class_list":{"0":"post-31302","1":"product","2":"type-product","3":"status-publish","4":"has-post-thumbnail","6":"product_cat-articulos-sostenibles","7":"product_cat-brico-y-automovil","8":"product_cat-herramientas","9":"product_cat-regalos-y-premiums","10":"product_tag-articulos-sostenibles","11":"product_tag-brico-y-automovil","12":"product_tag-herramientas","13":"product_tag-linterna","14":"product_tag-regalos-y-premiums","15":"desktop-align-center","16":"tablet-align-left","17":"mobile-align-left","19":"first","20":"instock","21":"product-type-simple"},"_links":{"self":[{"href":"https:\/\/tienda.cromavite.com\/index.php\/wp-json\/wp\/v2\/product\/31302","targetHints":{"allow":["GET"]}}],"collection":[{"href":"https:\/\/tienda.cromavite.com\/index.php\/wp-json\/wp\/v2\/product"}],"about":[{"href":"https:\/\/tienda.cromavite.com\/index.php\/wp-json\/wp\/v2\/types\/product"}],"replies":[{"embeddable":true,"href":"https:\/\/tienda.cromavite.com\/index.php\/wp-json\/wp\/v2\/comments?post=31302"}],"wp:featuredmedia":[{"embeddable":true,"href":"https:\/\/tienda.cromavite.com\/index.php\/wp-json\/wp\/v2\/media\/31303"}],"wp:attachment":[{"href":"https:\/\/tienda.cromavite.com\/index.php\/wp-json\/wp\/v2\/media?parent=31302"}],"wp:term":[{"taxonomy":"product_brand","embeddable":true,"href":"https:\/\/tienda.cromavite.com\/index.php\/wp-json\/wp\/v2\/product_brand?post=31302"},{"taxonomy":"product_cat","embeddable":true,"href":"https:\/\/tienda.cromavite.com\/index.php\/wp-json\/wp\/v2\/product_cat?post=31302"},{"taxonomy":"product_tag","embeddable":true,"href":"https:\/\/tienda.cromavite.com\/index.php\/wp-json\/wp\/v2\/product_tag?post=31302"}],"curies":[{"name":"wp","href":"https:\/\/api.w.org\/{rel}","templated":true}]}}