{"id":32538,"date":"2025-09-28T02:38:07","date_gmt":"2025-09-28T00:38:07","guid":{"rendered":"https:\/\/tienda.cromavite.com\/index.php\/producto\/mochila-myriax\/"},"modified":"2025-09-28T02:38:12","modified_gmt":"2025-09-28T00:38:12","slug":"mochila-myriax","status":"publish","type":"product","link":"https:\/\/tienda.cromavite.com\/index.php\/producto\/mochila-myriax\/","title":{"rendered":"Mochila Myriax"},"content":{"rendered":"<p>Mochila multifunci\u00f3n fabricada en 300D RPET. Elaborada con poli\u00e9ster reciclado y resistente al agua, cuenta con una excelente transpirabilidad en la zona trasera, facilitando la disipaci\u00f3n del calor gracias a sus cintas y respaldo acolchados. Las cintas anchas est\u00e1n dise\u00f1adas para aliviar la presi\u00f3n en los hombros, permitiendo llevar la mochila c\u00f3modamente durante largos periodos.Perfecta para cualquier situaci\u00f3n por tener m\u00faltiples compartimentos: 2 bolsillos frontales. 3 compartimentos grandes centrales, uno de ellos portatodo, un bolsillo central de gran capacidad para guardad ropa y\/o complementos con organizador en su interior, y un tercero acolchado, perfecto para llevar port\u00e1til de hasta 17,3 pulgadas. Adem\u00e1s, cuenta con 3 apartados especiales, un bolsillo lateral perfecto para tener acceso r\u00e1pido, bolsillo para calzado en la base con argollas de ventilaci\u00f3n, y bolsillo antirrobo en la espalda, adem\u00e1s de cable USB. Perfecta para viajes o para el d\u00eda a d\u00eda por sus cintas ajustables, adapt\u00e1ndose a todo estilo de vida. Disponible en negro y gris, con logotipo RPET incluido. Presentada individualmente en bolsa reciclada.El material RPET se elabora a partir de pl\u00e1stico reciclado, para as\u00ed fomentar la reutilizaci\u00f3n de residuos pl\u00e1sticos y ayudar a la sostenibilidad del planeta.<br \/>\nConexi\u00f3n USB. Acolchada. Bolsillo Acolchado para Port\u00e1til. Compartimento Portazapatos<\/p>\n","protected":false},"excerpt":{"rendered":"<p>Mochila Myriax<\/p>\n","protected":false},"featured_media":32539,"comment_status":"closed","ping_status":"open","template":"","meta":{"site-sidebar-layout":"default","site-content-layout":"","ast-site-content-layout":"","site-content-style":"default","site-sidebar-style":"default","ast-global-header-display":"","ast-banner-title-visibility":"","ast-main-header-display":"","ast-hfb-above-header-display":"","ast-hfb-below-header-display":"","ast-hfb-mobile-header-display":"","site-post-title":"","ast-breadcrumbs-content":"","ast-featured-img":"","footer-sml-layout":"","theme-transparent-header-meta":"","adv-header-id-meta":"","stick-header-meta":"","header-above-stick-meta":"","header-main-stick-meta":"","header-below-stick-meta":"","astra-migrate-meta-layouts":"default","ast-page-background-enabled":"default","ast-page-background-meta":{"desktop":{"background-color":"var(--ast-global-color-4)","background-image":"","background-repeat":"repeat","background-position":"center center","background-size":"auto","background-attachment":"scroll","background-type":"","background-media":"","overlay-type":"","overlay-color":"","overlay-opacity":"","overlay-gradient":""},"tablet":{"background-color":"","background-image":"","background-repeat":"repeat","background-position":"center center","background-size":"auto","background-attachment":"scroll","background-type":"","background-media":"","overlay-type":"","overlay-color":"","overlay-opacity":"","overlay-gradient":""},"mobile":{"background-color":"","background-image":"","background-repeat":"repeat","background-position":"center center","background-size":"auto","background-attachment":"scroll","background-type":"","background-media":"","overlay-type":"","overlay-color":"","overlay-opacity":"","overlay-gradient":""}},"ast-content-background-meta":{"desktop":{"background-color":"var(--ast-global-color-5)","background-image":"","background-repeat":"repeat","background-position":"center center","background-size":"auto","background-attachment":"scroll","background-type":"","background-media":"","overlay-type":"","overlay-color":"","overlay-opacity":"","overlay-gradient":""},"tablet":{"background-color":"var(--ast-global-color-5)","background-image":"","background-repeat":"repeat","background-position":"center center","background-size":"auto","background-attachment":"scroll","background-type":"","background-media":"","overlay-type":"","overlay-color":"","overlay-opacity":"","overlay-gradient":""},"mobile":{"background-color":"var(--ast-global-color-5)","background-image":"","background-repeat":"repeat","background-position":"center center","background-size":"auto","background-attachment":"scroll","background-type":"","background-media":"","overlay-type":"","overlay-color":"","overlay-opacity":"","overlay-gradient":""}}},"product_brand":[],"product_cat":[1105,1115],"product_tag":[189,156,192],"class_list":{"0":"post-32538","1":"product","2":"type-product","3":"status-publish","4":"has-post-thumbnail","6":"product_cat-mochilas","7":"product_cat-viaje","8":"product_tag-mochila","9":"product_tag-mochilas","10":"product_tag-viaje","11":"desktop-align-center","12":"tablet-align-left","13":"mobile-align-left","15":"first","16":"instock","17":"product-type-simple"},"_links":{"self":[{"href":"https:\/\/tienda.cromavite.com\/index.php\/wp-json\/wp\/v2\/product\/32538","targetHints":{"allow":["GET"]}}],"collection":[{"href":"https:\/\/tienda.cromavite.com\/index.php\/wp-json\/wp\/v2\/product"}],"about":[{"href":"https:\/\/tienda.cromavite.com\/index.php\/wp-json\/wp\/v2\/types\/product"}],"replies":[{"embeddable":true,"href":"https:\/\/tienda.cromavite.com\/index.php\/wp-json\/wp\/v2\/comments?post=32538"}],"wp:featuredmedia":[{"embeddable":true,"href":"https:\/\/tienda.cromavite.com\/index.php\/wp-json\/wp\/v2\/media\/32539"}],"wp:attachment":[{"href":"https:\/\/tienda.cromavite.com\/index.php\/wp-json\/wp\/v2\/media?parent=32538"}],"wp:term":[{"taxonomy":"product_brand","embeddable":true,"href":"https:\/\/tienda.cromavite.com\/index.php\/wp-json\/wp\/v2\/product_brand?post=32538"},{"taxonomy":"product_cat","embeddable":true,"href":"https:\/\/tienda.cromavite.com\/index.php\/wp-json\/wp\/v2\/product_cat?post=32538"},{"taxonomy":"product_tag","embeddable":true,"href":"https:\/\/tienda.cromavite.com\/index.php\/wp-json\/wp\/v2\/product_tag?post=32538"}],"curies":[{"name":"wp","href":"https:\/\/api.w.org\/{rel}","templated":true}]}}