{"id":35872,"date":"2025-09-28T03:55:24","date_gmt":"2025-09-28T01:55:24","guid":{"rendered":"https:\/\/tienda.cromavite.com\/index.php\/producto\/microfono-condensador-densha\/"},"modified":"2025-09-28T03:55:24","modified_gmt":"2025-09-28T01:55:24","slug":"microfono-condensador-densha","status":"publish","type":"product","link":"https:\/\/tienda.cromavite.com\/index.php\/producto\/microfono-condensador-densha\/","title":{"rendered":"Micr\u00f3fono Condensador Densha"},"content":{"rendered":"<p>Micr\u00f3fono de condensador de gran calidad de audio, id\u00f3neo para emisiones en directo, videollamadas o grabaci\u00f3n de podcasts entre otros muchos usos. Con sistema de reducci\u00f3n de ruido y filtro anti-pop para que no se reproduzcan \u201cpops\u201d y\/o siseos indeseados al pronunciar sonidos como la t, la p, o la s. Retroiluminado por LEDs multicolor y con f\u00e1cil sistema de conexi\u00f3n plug and play mediante cable USB, compatible con PC y otros dispositivos. Incluye tr\u00edpode ajustable que permite colocarlo en cualquier sitio, adem\u00e1s de contar con rotaci\u00f3n 360\u00ba y ajuste vertical. Presentado individualmente en caja de dise\u00f1o kraft, con manual de instrucciones en espa\u00f1ol e ingl\u00e9s.<br \/>\nLuces Led Multicolor. Conexi\u00f3n USB. Soporte y Reductor de Ruido Inclu\u00eddo<\/p>\n","protected":false},"excerpt":{"rendered":"<p>Micr\u00f3fono Condensador Densha<\/p>\n","protected":false},"featured_media":35873,"comment_status":"closed","ping_status":"open","template":"","meta":{"site-sidebar-layout":"default","site-content-layout":"","ast-site-content-layout":"","site-content-style":"default","site-sidebar-style":"default","ast-global-header-display":"","ast-banner-title-visibility":"","ast-main-header-display":"","ast-hfb-above-header-display":"","ast-hfb-below-header-display":"","ast-hfb-mobile-header-display":"","site-post-title":"","ast-breadcrumbs-content":"","ast-featured-img":"","footer-sml-layout":"","theme-transparent-header-meta":"","adv-header-id-meta":"","stick-header-meta":"","header-above-stick-meta":"","header-main-stick-meta":"","header-below-stick-meta":"","astra-migrate-meta-layouts":"default","ast-page-background-enabled":"default","ast-page-background-meta":{"desktop":{"background-color":"var(--ast-global-color-4)","background-image":"","background-repeat":"repeat","background-position":"center center","background-size":"auto","background-attachment":"scroll","background-type":"","background-media":"","overlay-type":"","overlay-color":"","overlay-opacity":"","overlay-gradient":""},"tablet":{"background-color":"","background-image":"","background-repeat":"repeat","background-position":"center center","background-size":"auto","background-attachment":"scroll","background-type":"","background-media":"","overlay-type":"","overlay-color":"","overlay-opacity":"","overlay-gradient":""},"mobile":{"background-color":"","background-image":"","background-repeat":"repeat","background-position":"center center","background-size":"auto","background-attachment":"scroll","background-type":"","background-media":"","overlay-type":"","overlay-color":"","overlay-opacity":"","overlay-gradient":""}},"ast-content-background-meta":{"desktop":{"background-color":"var(--ast-global-color-5)","background-image":"","background-repeat":"repeat","background-position":"center center","background-size":"auto","background-attachment":"scroll","background-type":"","background-media":"","overlay-type":"","overlay-color":"","overlay-opacity":"","overlay-gradient":""},"tablet":{"background-color":"var(--ast-global-color-5)","background-image":"","background-repeat":"repeat","background-position":"center center","background-size":"auto","background-attachment":"scroll","background-type":"","background-media":"","overlay-type":"","overlay-color":"","overlay-opacity":"","overlay-gradient":""},"mobile":{"background-color":"var(--ast-global-color-5)","background-image":"","background-repeat":"repeat","background-position":"center center","background-size":"auto","background-attachment":"scroll","background-type":"","background-media":"","overlay-type":"","overlay-color":"","overlay-opacity":"","overlay-gradient":""}}},"product_brand":[],"product_cat":[1088],"product_tag":[1013,130],"class_list":{"0":"post-35872","1":"product","2":"type-product","3":"status-publish","4":"has-post-thumbnail","6":"product_cat-tecnologia-y-accesorios","7":"product_tag-microfono-condensador","8":"product_tag-tecnologia-y-accesorios","9":"desktop-align-center","10":"tablet-align-left","11":"mobile-align-left","13":"first","14":"instock","15":"product-type-simple"},"_links":{"self":[{"href":"https:\/\/tienda.cromavite.com\/index.php\/wp-json\/wp\/v2\/product\/35872","targetHints":{"allow":["GET"]}}],"collection":[{"href":"https:\/\/tienda.cromavite.com\/index.php\/wp-json\/wp\/v2\/product"}],"about":[{"href":"https:\/\/tienda.cromavite.com\/index.php\/wp-json\/wp\/v2\/types\/product"}],"replies":[{"embeddable":true,"href":"https:\/\/tienda.cromavite.com\/index.php\/wp-json\/wp\/v2\/comments?post=35872"}],"wp:featuredmedia":[{"embeddable":true,"href":"https:\/\/tienda.cromavite.com\/index.php\/wp-json\/wp\/v2\/media\/35873"}],"wp:attachment":[{"href":"https:\/\/tienda.cromavite.com\/index.php\/wp-json\/wp\/v2\/media?parent=35872"}],"wp:term":[{"taxonomy":"product_brand","embeddable":true,"href":"https:\/\/tienda.cromavite.com\/index.php\/wp-json\/wp\/v2\/product_brand?post=35872"},{"taxonomy":"product_cat","embeddable":true,"href":"https:\/\/tienda.cromavite.com\/index.php\/wp-json\/wp\/v2\/product_cat?post=35872"},{"taxonomy":"product_tag","embeddable":true,"href":"https:\/\/tienda.cromavite.com\/index.php\/wp-json\/wp\/v2\/product_tag?post=35872"}],"curies":[{"name":"wp","href":"https:\/\/api.w.org\/{rel}","templated":true}]}}