{"id":36803,"date":"2025-09-28T04:17:58","date_gmt":"2025-09-28T02:17:58","guid":{"rendered":"https:\/\/tienda.cromavite.com\/index.php\/producto\/marco-fotos-digital-picty\/"},"modified":"2025-09-28T04:18:13","modified_gmt":"2025-09-28T02:18:13","slug":"marco-fotos-digital-picty","status":"publish","type":"product","link":"https:\/\/tienda.cromavite.com\/index.php\/producto\/marco-fotos-digital-picty\/","title":{"rendered":"Marco Fotos Digital Picty"},"content":{"rendered":"<p>Marco de fotos digital de 10,1 pulgadas. Con pantalla t\u00e1ctil IPS de alta resoluci\u00f3n de 1280&#215;800 p\u00edxeles, conectividad WiFi, y equipado con funciones inteligentes como visualizaci\u00f3n del tiempo, alarma y reloj. Ademas incorpora un men\u00fa para explorar un mundo de posibilidades al ver videos, fotos y escuchar m\u00fasica, con opci\u00f3n de visualizaci\u00f3n en formato horizontal y vertical. Con soporte en la parte trasera y ranuras para colgar en la pared. Alimentaci\u00f3n CA 220V-240V, con cargador incluido. Presentado en caja de dise\u00f1o kraft y disponible manual de instrucciones en espa\u00f1ol e ingl\u00e9s.<br \/>\n10,1&#8243;. Wifi, 1280&#215;800 IPS. CA 220-240V<\/p>\n","protected":false},"excerpt":{"rendered":"<p>Marco Fotos Digital Picty<\/p>\n","protected":false},"featured_media":36804,"comment_status":"closed","ping_status":"open","template":"","meta":{"site-sidebar-layout":"default","site-content-layout":"","ast-site-content-layout":"","site-content-style":"default","site-sidebar-style":"default","ast-global-header-display":"","ast-banner-title-visibility":"","ast-main-header-display":"","ast-hfb-above-header-display":"","ast-hfb-below-header-display":"","ast-hfb-mobile-header-display":"","site-post-title":"","ast-breadcrumbs-content":"","ast-featured-img":"","footer-sml-layout":"","theme-transparent-header-meta":"","adv-header-id-meta":"","stick-header-meta":"","header-above-stick-meta":"","header-main-stick-meta":"","header-below-stick-meta":"","astra-migrate-meta-layouts":"default","ast-page-background-enabled":"default","ast-page-background-meta":{"desktop":{"background-color":"var(--ast-global-color-4)","background-image":"","background-repeat":"repeat","background-position":"center center","background-size":"auto","background-attachment":"scroll","background-type":"","background-media":"","overlay-type":"","overlay-color":"","overlay-opacity":"","overlay-gradient":""},"tablet":{"background-color":"","background-image":"","background-repeat":"repeat","background-position":"center center","background-size":"auto","background-attachment":"scroll","background-type":"","background-media":"","overlay-type":"","overlay-color":"","overlay-opacity":"","overlay-gradient":""},"mobile":{"background-color":"","background-image":"","background-repeat":"repeat","background-position":"center center","background-size":"auto","background-attachment":"scroll","background-type":"","background-media":"","overlay-type":"","overlay-color":"","overlay-opacity":"","overlay-gradient":""}},"ast-content-background-meta":{"desktop":{"background-color":"var(--ast-global-color-5)","background-image":"","background-repeat":"repeat","background-position":"center center","background-size":"auto","background-attachment":"scroll","background-type":"","background-media":"","overlay-type":"","overlay-color":"","overlay-opacity":"","overlay-gradient":""},"tablet":{"background-color":"var(--ast-global-color-5)","background-image":"","background-repeat":"repeat","background-position":"center center","background-size":"auto","background-attachment":"scroll","background-type":"","background-media":"","overlay-type":"","overlay-color":"","overlay-opacity":"","overlay-gradient":""},"mobile":{"background-color":"var(--ast-global-color-5)","background-image":"","background-repeat":"repeat","background-position":"center center","background-size":"auto","background-attachment":"scroll","background-type":"","background-media":"","overlay-type":"","overlay-color":"","overlay-opacity":"","overlay-gradient":""}}},"product_brand":[],"product_cat":[1116,1095,1088],"product_tag":[195,1032,142,130],"class_list":{"0":"post-36803","1":"product","2":"type-product","3":"status-publish","4":"has-post-thumbnail","6":"product_cat-hogar-y-decoracion","7":"product_cat-regalos-y-premiums","8":"product_cat-tecnologia-y-accesorios","9":"product_tag-hogar-y-decoracion","10":"product_tag-marco-fotos-digital","11":"product_tag-regalos-y-premiums","12":"product_tag-tecnologia-y-accesorios","13":"desktop-align-center","14":"tablet-align-left","15":"mobile-align-left","17":"first","18":"instock","19":"product-type-simple"},"_links":{"self":[{"href":"https:\/\/tienda.cromavite.com\/index.php\/wp-json\/wp\/v2\/product\/36803","targetHints":{"allow":["GET"]}}],"collection":[{"href":"https:\/\/tienda.cromavite.com\/index.php\/wp-json\/wp\/v2\/product"}],"about":[{"href":"https:\/\/tienda.cromavite.com\/index.php\/wp-json\/wp\/v2\/types\/product"}],"replies":[{"embeddable":true,"href":"https:\/\/tienda.cromavite.com\/index.php\/wp-json\/wp\/v2\/comments?post=36803"}],"wp:featuredmedia":[{"embeddable":true,"href":"https:\/\/tienda.cromavite.com\/index.php\/wp-json\/wp\/v2\/media\/36804"}],"wp:attachment":[{"href":"https:\/\/tienda.cromavite.com\/index.php\/wp-json\/wp\/v2\/media?parent=36803"}],"wp:term":[{"taxonomy":"product_brand","embeddable":true,"href":"https:\/\/tienda.cromavite.com\/index.php\/wp-json\/wp\/v2\/product_brand?post=36803"},{"taxonomy":"product_cat","embeddable":true,"href":"https:\/\/tienda.cromavite.com\/index.php\/wp-json\/wp\/v2\/product_cat?post=36803"},{"taxonomy":"product_tag","embeddable":true,"href":"https:\/\/tienda.cromavite.com\/index.php\/wp-json\/wp\/v2\/product_tag?post=36803"}],"curies":[{"name":"wp","href":"https:\/\/api.w.org\/{rel}","templated":true}]}}