{"id":38153,"date":"2025-09-28T04:48:22","date_gmt":"2025-09-28T02:48:22","guid":{"rendered":"https:\/\/tienda.cromavite.com\/index.php\/producto\/proyector-heroux\/"},"modified":"2025-09-28T04:48:35","modified_gmt":"2025-09-28T02:48:35","slug":"proyector-heroux","status":"publish","type":"product","link":"https:\/\/tienda.cromavite.com\/index.php\/producto\/proyector-heroux\/","title":{"rendered":"Proyector Heroux"},"content":{"rendered":"<p>Proyector con conectividad bluetooth y WiFi que proporciona una fant\u00e1stica experiencia audiovisual. Fabricado en resistente ABS de color negro, con regulador de enfoque y \u00e1ngulo para un \u00f3ptimo visionado. Saca una potencia de 7.000 l\u00famenes, con resoluci\u00f3n 720p, e incorpora un potente altavoz de 5W. Adem\u00e1s, cuenta con multitud de conexiones: 3xHDMI (1 conector macho + 2 conectores hembra), conexi\u00f3n USB, salida de audio jack de 3,5 mm y entrada de audio jack de 3,5 mm. Con ranura para tarjetas de memoria Micro SD y mando a distancia para un c\u00f3modo y f\u00e1cil manejo del dispositivo. Incluye cable de alimentaci\u00f3n CA 220V-240V y viene presentado en caja de dise\u00f1o kraft.<br \/>\n720P. Wifi. Conexi\u00f3n Bluetooth. Potencia Sonido 5W. 7000 L\u00famenes. CA 220-240V<\/p>\n","protected":false},"excerpt":{"rendered":"<p>Proyector Heroux<\/p>\n","protected":false},"featured_media":38154,"comment_status":"closed","ping_status":"open","template":"","meta":{"site-sidebar-layout":"default","site-content-layout":"","ast-site-content-layout":"","site-content-style":"default","site-sidebar-style":"default","ast-global-header-display":"","ast-banner-title-visibility":"","ast-main-header-display":"","ast-hfb-above-header-display":"","ast-hfb-below-header-display":"","ast-hfb-mobile-header-display":"","site-post-title":"","ast-breadcrumbs-content":"","ast-featured-img":"","footer-sml-layout":"","theme-transparent-header-meta":"","adv-header-id-meta":"","stick-header-meta":"","header-above-stick-meta":"","header-main-stick-meta":"","header-below-stick-meta":"","astra-migrate-meta-layouts":"default","ast-page-background-enabled":"default","ast-page-background-meta":{"desktop":{"background-color":"var(--ast-global-color-4)","background-image":"","background-repeat":"repeat","background-position":"center center","background-size":"auto","background-attachment":"scroll","background-type":"","background-media":"","overlay-type":"","overlay-color":"","overlay-opacity":"","overlay-gradient":""},"tablet":{"background-color":"","background-image":"","background-repeat":"repeat","background-position":"center center","background-size":"auto","background-attachment":"scroll","background-type":"","background-media":"","overlay-type":"","overlay-color":"","overlay-opacity":"","overlay-gradient":""},"mobile":{"background-color":"","background-image":"","background-repeat":"repeat","background-position":"center center","background-size":"auto","background-attachment":"scroll","background-type":"","background-media":"","overlay-type":"","overlay-color":"","overlay-opacity":"","overlay-gradient":""}},"ast-content-background-meta":{"desktop":{"background-color":"var(--ast-global-color-5)","background-image":"","background-repeat":"repeat","background-position":"center center","background-size":"auto","background-attachment":"scroll","background-type":"","background-media":"","overlay-type":"","overlay-color":"","overlay-opacity":"","overlay-gradient":""},"tablet":{"background-color":"var(--ast-global-color-5)","background-image":"","background-repeat":"repeat","background-position":"center center","background-size":"auto","background-attachment":"scroll","background-type":"","background-media":"","overlay-type":"","overlay-color":"","overlay-opacity":"","overlay-gradient":""},"mobile":{"background-color":"var(--ast-global-color-5)","background-image":"","background-repeat":"repeat","background-position":"center center","background-size":"auto","background-attachment":"scroll","background-type":"","background-media":"","overlay-type":"","overlay-color":"","overlay-opacity":"","overlay-gradient":""}}},"product_brand":[],"product_cat":[1084,1088],"product_tag":[127,1043,130],"class_list":{"0":"post-38153","1":"product","2":"type-product","3":"status-publish","4":"has-post-thumbnail","6":"product_cat-oficina-y-negocios","7":"product_cat-tecnologia-y-accesorios","8":"product_tag-oficina-y-negocios","9":"product_tag-proyector","10":"product_tag-tecnologia-y-accesorios","11":"desktop-align-center","12":"tablet-align-left","13":"mobile-align-left","15":"first","16":"instock","17":"product-type-simple"},"_links":{"self":[{"href":"https:\/\/tienda.cromavite.com\/index.php\/wp-json\/wp\/v2\/product\/38153","targetHints":{"allow":["GET"]}}],"collection":[{"href":"https:\/\/tienda.cromavite.com\/index.php\/wp-json\/wp\/v2\/product"}],"about":[{"href":"https:\/\/tienda.cromavite.com\/index.php\/wp-json\/wp\/v2\/types\/product"}],"replies":[{"embeddable":true,"href":"https:\/\/tienda.cromavite.com\/index.php\/wp-json\/wp\/v2\/comments?post=38153"}],"wp:featuredmedia":[{"embeddable":true,"href":"https:\/\/tienda.cromavite.com\/index.php\/wp-json\/wp\/v2\/media\/38154"}],"wp:attachment":[{"href":"https:\/\/tienda.cromavite.com\/index.php\/wp-json\/wp\/v2\/media?parent=38153"}],"wp:term":[{"taxonomy":"product_brand","embeddable":true,"href":"https:\/\/tienda.cromavite.com\/index.php\/wp-json\/wp\/v2\/product_brand?post=38153"},{"taxonomy":"product_cat","embeddable":true,"href":"https:\/\/tienda.cromavite.com\/index.php\/wp-json\/wp\/v2\/product_cat?post=38153"},{"taxonomy":"product_tag","embeddable":true,"href":"https:\/\/tienda.cromavite.com\/index.php\/wp-json\/wp\/v2\/product_tag?post=38153"}],"curies":[{"name":"wp","href":"https:\/\/api.w.org\/{rel}","templated":true}]}}