{"id":39295,"date":"2025-09-28T05:13:17","date_gmt":"2025-09-28T03:13:17","guid":{"rendered":"https:\/\/tienda.cromavite.com\/index.php\/producto\/set-mirka\/"},"modified":"2025-09-28T05:13:17","modified_gmt":"2025-09-28T03:13:17","slug":"set-mirka","status":"publish","type":"product","link":"https:\/\/tienda.cromavite.com\/index.php\/producto\/set-mirka\/","title":{"rendered":"Set Mirka"},"content":{"rendered":"<p>Elegante set premium. Incluye: &#8211; Vaso t\u00e9rmico fabricado en acero inoxidable de doble pared con capacidad de 470 ml. Con un dosificador en tapadera, libre de BPA, sistema de apertura abre f\u00e1cil, banda de silicona a juego y base antideslizante. &#8211; Bloc de notas con tapas blandas fabricado en elegante PU color negro. Su dise\u00f1o combina texturas lisas y biseladas. Incluye marcap\u00e1ginas de tela con accesorio met\u00e1lico especial para marcaje en l\u00e1ser. Interior con 100 hojas en color crema, de disposici\u00f3n a una raya y bordes en negro. &#8211; Roller de acabado negro mate con detalles met\u00e1licos en color plata. De cuerpo biselado, con cierre de capucha, clip y tinta azul. Cuenta con c\u00f3modo agarre en metal pulido.Presentado en sosfisticado estuche individual de acabado mate, con interior troquelado para cada uno de los elementos del set.<br \/>\nVaso T\u00e9rmico Acero Inox, 470 ml. Bloc PU, Portada Flexible, 100 Hojas. Roller Aluminio<\/p>\n","protected":false},"excerpt":{"rendered":"<p>Set Mirka<\/p>\n","protected":false},"featured_media":39296,"comment_status":"closed","ping_status":"open","template":"","meta":{"site-sidebar-layout":"default","site-content-layout":"","ast-site-content-layout":"","site-content-style":"default","site-sidebar-style":"default","ast-global-header-display":"","ast-banner-title-visibility":"","ast-main-header-display":"","ast-hfb-above-header-display":"","ast-hfb-below-header-display":"","ast-hfb-mobile-header-display":"","site-post-title":"","ast-breadcrumbs-content":"","ast-featured-img":"","footer-sml-layout":"","theme-transparent-header-meta":"","adv-header-id-meta":"","stick-header-meta":"","header-above-stick-meta":"","header-main-stick-meta":"","header-below-stick-meta":"","astra-migrate-meta-layouts":"default","ast-page-background-enabled":"default","ast-page-background-meta":{"desktop":{"background-color":"var(--ast-global-color-4)","background-image":"","background-repeat":"repeat","background-position":"center center","background-size":"auto","background-attachment":"scroll","background-type":"","background-media":"","overlay-type":"","overlay-color":"","overlay-opacity":"","overlay-gradient":""},"tablet":{"background-color":"","background-image":"","background-repeat":"repeat","background-position":"center center","background-size":"auto","background-attachment":"scroll","background-type":"","background-media":"","overlay-type":"","overlay-color":"","overlay-opacity":"","overlay-gradient":""},"mobile":{"background-color":"","background-image":"","background-repeat":"repeat","background-position":"center center","background-size":"auto","background-attachment":"scroll","background-type":"","background-media":"","overlay-type":"","overlay-color":"","overlay-opacity":"","overlay-gradient":""}},"ast-content-background-meta":{"desktop":{"background-color":"var(--ast-global-color-5)","background-image":"","background-repeat":"repeat","background-position":"center center","background-size":"auto","background-attachment":"scroll","background-type":"","background-media":"","overlay-type":"","overlay-color":"","overlay-opacity":"","overlay-gradient":""},"tablet":{"background-color":"var(--ast-global-color-5)","background-image":"","background-repeat":"repeat","background-position":"center center","background-size":"auto","background-attachment":"scroll","background-type":"","background-media":"","overlay-type":"","overlay-color":"","overlay-opacity":"","overlay-gradient":""},"mobile":{"background-color":"var(--ast-global-color-5)","background-image":"","background-repeat":"repeat","background-position":"center center","background-size":"auto","background-attachment":"scroll","background-type":"","background-media":"","overlay-type":"","overlay-color":"","overlay-opacity":"","overlay-gradient":""}}},"product_brand":[],"product_cat":[1084,1095],"product_tag":[127,142,218],"class_list":{"0":"post-39295","1":"product","2":"type-product","3":"status-publish","4":"has-post-thumbnail","6":"product_cat-oficina-y-negocios","7":"product_cat-regalos-y-premiums","8":"product_tag-oficina-y-negocios","9":"product_tag-regalos-y-premiums","10":"product_tag-set","11":"desktop-align-center","12":"tablet-align-left","13":"mobile-align-left","15":"first","16":"instock","17":"product-type-simple"},"_links":{"self":[{"href":"https:\/\/tienda.cromavite.com\/index.php\/wp-json\/wp\/v2\/product\/39295","targetHints":{"allow":["GET"]}}],"collection":[{"href":"https:\/\/tienda.cromavite.com\/index.php\/wp-json\/wp\/v2\/product"}],"about":[{"href":"https:\/\/tienda.cromavite.com\/index.php\/wp-json\/wp\/v2\/types\/product"}],"replies":[{"embeddable":true,"href":"https:\/\/tienda.cromavite.com\/index.php\/wp-json\/wp\/v2\/comments?post=39295"}],"wp:featuredmedia":[{"embeddable":true,"href":"https:\/\/tienda.cromavite.com\/index.php\/wp-json\/wp\/v2\/media\/39296"}],"wp:attachment":[{"href":"https:\/\/tienda.cromavite.com\/index.php\/wp-json\/wp\/v2\/media?parent=39295"}],"wp:term":[{"taxonomy":"product_brand","embeddable":true,"href":"https:\/\/tienda.cromavite.com\/index.php\/wp-json\/wp\/v2\/product_brand?post=39295"},{"taxonomy":"product_cat","embeddable":true,"href":"https:\/\/tienda.cromavite.com\/index.php\/wp-json\/wp\/v2\/product_cat?post=39295"},{"taxonomy":"product_tag","embeddable":true,"href":"https:\/\/tienda.cromavite.com\/index.php\/wp-json\/wp\/v2\/product_tag?post=39295"}],"curies":[{"name":"wp","href":"https:\/\/api.w.org\/{rel}","templated":true}]}}