{"id":39568,"date":"2025-09-28T05:19:14","date_gmt":"2025-09-28T03:19:14","guid":{"rendered":"https:\/\/tienda.cromavite.com\/index.php\/producto\/gorro-zalay\/"},"modified":"2025-09-28T05:19:14","modified_gmt":"2025-09-28T03:19:14","slug":"gorro-zalay","status":"publish","type":"product","link":"https:\/\/tienda.cromavite.com\/index.php\/producto\/gorro-zalay\/","title":{"rendered":"Gorro Zalay"},"content":{"rendered":"<p>Gorro estilo Bob con Protecci\u00f3n Solar UPF50+  fabricado en RPET. Su sistema de protecci\u00f3n solar UPF50+, bloquea hasta el 98% de los rayos UV, proporcionando una barrera eficaz contra los da\u00f1os solares y garantizando la seguridad de tu piel durante exposiciones prolongadas.Su dise\u00f1o incluye tejido transpirable,  suave forro interior para mayor comodidad y cinta ajustable interior que garantiza un ajuste preciso y seguro.<br \/>\nProtecci\u00f3n UPF50<\/p>\n","protected":false},"excerpt":{"rendered":"<p>Gorro Zalay<\/p>\n","protected":false},"featured_media":39569,"comment_status":"closed","ping_status":"open","template":"","meta":{"site-sidebar-layout":"default","site-content-layout":"","ast-site-content-layout":"","site-content-style":"default","site-sidebar-style":"default","ast-global-header-display":"","ast-banner-title-visibility":"","ast-main-header-display":"","ast-hfb-above-header-display":"","ast-hfb-below-header-display":"","ast-hfb-mobile-header-display":"","site-post-title":"","ast-breadcrumbs-content":"","ast-featured-img":"","footer-sml-layout":"","theme-transparent-header-meta":"","adv-header-id-meta":"","stick-header-meta":"","header-above-stick-meta":"","header-main-stick-meta":"","header-below-stick-meta":"","astra-migrate-meta-layouts":"default","ast-page-background-enabled":"default","ast-page-background-meta":{"desktop":{"background-color":"var(--ast-global-color-4)","background-image":"","background-repeat":"repeat","background-position":"center center","background-size":"auto","background-attachment":"scroll","background-type":"","background-media":"","overlay-type":"","overlay-color":"","overlay-opacity":"","overlay-gradient":""},"tablet":{"background-color":"","background-image":"","background-repeat":"repeat","background-position":"center center","background-size":"auto","background-attachment":"scroll","background-type":"","background-media":"","overlay-type":"","overlay-color":"","overlay-opacity":"","overlay-gradient":""},"mobile":{"background-color":"","background-image":"","background-repeat":"repeat","background-position":"center center","background-size":"auto","background-attachment":"scroll","background-type":"","background-media":"","overlay-type":"","overlay-color":"","overlay-opacity":"","overlay-gradient":""}},"ast-content-background-meta":{"desktop":{"background-color":"var(--ast-global-color-5)","background-image":"","background-repeat":"repeat","background-position":"center center","background-size":"auto","background-attachment":"scroll","background-type":"","background-media":"","overlay-type":"","overlay-color":"","overlay-opacity":"","overlay-gradient":""},"tablet":{"background-color":"var(--ast-global-color-5)","background-image":"","background-repeat":"repeat","background-position":"center center","background-size":"auto","background-attachment":"scroll","background-type":"","background-media":"","overlay-type":"","overlay-color":"","overlay-opacity":"","overlay-gradient":""},"mobile":{"background-color":"var(--ast-global-color-5)","background-image":"","background-repeat":"repeat","background-position":"center center","background-size":"auto","background-attachment":"scroll","background-type":"","background-media":"","overlay-type":"","overlay-color":"","overlay-opacity":"","overlay-gradient":""}}},"product_brand":[],"product_cat":[1106,1096],"product_tag":[160,181,143],"class_list":{"0":"post-39568","1":"product","2":"type-product","3":"status-publish","4":"has-post-thumbnail","6":"product_cat-gorras-y-sombreros","7":"product_cat-verano-y-playa","8":"product_tag-gorras-y-sombreros","9":"product_tag-gorro","10":"product_tag-verano-y-playa","11":"desktop-align-center","12":"tablet-align-left","13":"mobile-align-left","15":"first","16":"instock","17":"product-type-simple"},"_links":{"self":[{"href":"https:\/\/tienda.cromavite.com\/index.php\/wp-json\/wp\/v2\/product\/39568","targetHints":{"allow":["GET"]}}],"collection":[{"href":"https:\/\/tienda.cromavite.com\/index.php\/wp-json\/wp\/v2\/product"}],"about":[{"href":"https:\/\/tienda.cromavite.com\/index.php\/wp-json\/wp\/v2\/types\/product"}],"replies":[{"embeddable":true,"href":"https:\/\/tienda.cromavite.com\/index.php\/wp-json\/wp\/v2\/comments?post=39568"}],"wp:featuredmedia":[{"embeddable":true,"href":"https:\/\/tienda.cromavite.com\/index.php\/wp-json\/wp\/v2\/media\/39569"}],"wp:attachment":[{"href":"https:\/\/tienda.cromavite.com\/index.php\/wp-json\/wp\/v2\/media?parent=39568"}],"wp:term":[{"taxonomy":"product_brand","embeddable":true,"href":"https:\/\/tienda.cromavite.com\/index.php\/wp-json\/wp\/v2\/product_brand?post=39568"},{"taxonomy":"product_cat","embeddable":true,"href":"https:\/\/tienda.cromavite.com\/index.php\/wp-json\/wp\/v2\/product_cat?post=39568"},{"taxonomy":"product_tag","embeddable":true,"href":"https:\/\/tienda.cromavite.com\/index.php\/wp-json\/wp\/v2\/product_tag?post=39568"}],"curies":[{"name":"wp","href":"https:\/\/api.w.org\/{rel}","templated":true}]}}