{"id":41013,"date":"2025-09-28T05:51:06","date_gmt":"2025-09-28T03:51:06","guid":{"rendered":"https:\/\/tienda.cromavite.com\/index.php\/producto\/regla-marcapaginas-rusnik\/"},"modified":"2025-09-28T05:51:13","modified_gmt":"2025-09-28T03:51:13","slug":"regla-marcapaginas-rusnik","status":"publish","type":"product","link":"https:\/\/tienda.cromavite.com\/index.php\/producto\/regla-marcapaginas-rusnik\/","title":{"rendered":"Regla Marcap\u00e1ginas Rusnik"},"content":{"rendered":"<p>Regla marcap\u00e1ginas de corcho con notas adhesivas. Incluye 90 notas adhesivas  en variados colores y tama\u00f1os.Elaborado con elementos vegetales para as\u00ed fomentar la utilizaci\u00f3n de materias primas naturales y reducir las emisiones contaminantes.<br \/>\n13 cm y 5&#8243;. 15 Notas Adhesivas 4 x 4,5 cm. 75 Mininotas Adhesivas 1,2 x 4,5 cm<\/p>\n","protected":false},"excerpt":{"rendered":"<p>Regla Marcap\u00e1ginas Rusnik<\/p>\n","protected":false},"featured_media":41014,"comment_status":"closed","ping_status":"open","template":"","meta":{"site-sidebar-layout":"default","site-content-layout":"","ast-site-content-layout":"","site-content-style":"default","site-sidebar-style":"default","ast-global-header-display":"","ast-banner-title-visibility":"","ast-main-header-display":"","ast-hfb-above-header-display":"","ast-hfb-below-header-display":"","ast-hfb-mobile-header-display":"","site-post-title":"","ast-breadcrumbs-content":"","ast-featured-img":"","footer-sml-layout":"","theme-transparent-header-meta":"","adv-header-id-meta":"","stick-header-meta":"","header-above-stick-meta":"","header-main-stick-meta":"","header-below-stick-meta":"","astra-migrate-meta-layouts":"default","ast-page-background-enabled":"default","ast-page-background-meta":{"desktop":{"background-color":"var(--ast-global-color-4)","background-image":"","background-repeat":"repeat","background-position":"center center","background-size":"auto","background-attachment":"scroll","background-type":"","background-media":"","overlay-type":"","overlay-color":"","overlay-opacity":"","overlay-gradient":""},"tablet":{"background-color":"","background-image":"","background-repeat":"repeat","background-position":"center center","background-size":"auto","background-attachment":"scroll","background-type":"","background-media":"","overlay-type":"","overlay-color":"","overlay-opacity":"","overlay-gradient":""},"mobile":{"background-color":"","background-image":"","background-repeat":"repeat","background-position":"center center","background-size":"auto","background-attachment":"scroll","background-type":"","background-media":"","overlay-type":"","overlay-color":"","overlay-opacity":"","overlay-gradient":""}},"ast-content-background-meta":{"desktop":{"background-color":"var(--ast-global-color-5)","background-image":"","background-repeat":"repeat","background-position":"center center","background-size":"auto","background-attachment":"scroll","background-type":"","background-media":"","overlay-type":"","overlay-color":"","overlay-opacity":"","overlay-gradient":""},"tablet":{"background-color":"var(--ast-global-color-5)","background-image":"","background-repeat":"repeat","background-position":"center center","background-size":"auto","background-attachment":"scroll","background-type":"","background-media":"","overlay-type":"","overlay-color":"","overlay-opacity":"","overlay-gradient":""},"mobile":{"background-color":"var(--ast-global-color-5)","background-image":"","background-repeat":"repeat","background-position":"center center","background-size":"auto","background-attachment":"scroll","background-type":"","background-media":"","overlay-type":"","overlay-color":"","overlay-opacity":"","overlay-gradient":""}}},"product_brand":[],"product_cat":[1084],"product_tag":[127,657],"class_list":{"0":"post-41013","1":"product","2":"type-product","3":"status-publish","4":"has-post-thumbnail","6":"product_cat-oficina-y-negocios","7":"product_tag-oficina-y-negocios","8":"product_tag-regla-marcapaginas","9":"desktop-align-center","10":"tablet-align-left","11":"mobile-align-left","13":"first","14":"instock","15":"product-type-simple"},"_links":{"self":[{"href":"https:\/\/tienda.cromavite.com\/index.php\/wp-json\/wp\/v2\/product\/41013","targetHints":{"allow":["GET"]}}],"collection":[{"href":"https:\/\/tienda.cromavite.com\/index.php\/wp-json\/wp\/v2\/product"}],"about":[{"href":"https:\/\/tienda.cromavite.com\/index.php\/wp-json\/wp\/v2\/types\/product"}],"replies":[{"embeddable":true,"href":"https:\/\/tienda.cromavite.com\/index.php\/wp-json\/wp\/v2\/comments?post=41013"}],"wp:featuredmedia":[{"embeddable":true,"href":"https:\/\/tienda.cromavite.com\/index.php\/wp-json\/wp\/v2\/media\/41014"}],"wp:attachment":[{"href":"https:\/\/tienda.cromavite.com\/index.php\/wp-json\/wp\/v2\/media?parent=41013"}],"wp:term":[{"taxonomy":"product_brand","embeddable":true,"href":"https:\/\/tienda.cromavite.com\/index.php\/wp-json\/wp\/v2\/product_brand?post=41013"},{"taxonomy":"product_cat","embeddable":true,"href":"https:\/\/tienda.cromavite.com\/index.php\/wp-json\/wp\/v2\/product_cat?post=41013"},{"taxonomy":"product_tag","embeddable":true,"href":"https:\/\/tienda.cromavite.com\/index.php\/wp-json\/wp\/v2\/product_tag?post=41013"}],"curies":[{"name":"wp","href":"https:\/\/api.w.org\/{rel}","templated":true}]}}