{"id":42078,"date":"2025-09-28T06:15:11","date_gmt":"2025-09-28T04:15:11","guid":{"rendered":"https:\/\/tienda.cromavite.com\/index.php\/producto\/chubasquero-impermeable-bravion\/"},"modified":"2025-09-28T06:15:12","modified_gmt":"2025-09-28T04:15:12","slug":"chubasquero-impermeable-bravion","status":"publish","type":"product","link":"https:\/\/tienda.cromavite.com\/index.php\/producto\/chubasquero-impermeable-bravion\/","title":{"rendered":"Chubasquero Impermeable Bravion"},"content":{"rendered":"<p>Chubasquero unisex de cuello alto y capucha extra\u00edble. La capucha cuenta con cordones ajustables para un ajuste personalizado  y velcro para facilitar su plegado y guardado. Su interior incorpora un recubrimiento de plata. Cuenta con cremallera central y tirador al tono. Incluye: dos bolsillos laterales con solapa, pu\u00f1os el\u00e1sticos que garantizan un ajuste c\u00f3modo y un bajo ajustable con cordones interiores que permiten un ajuste adicional. Dispone de una goma el\u00e1stica en el interior de uno de los bolsillos, facilitando el plegado y almacenamiento del chubasquero cuando no est\u00e1 en uso.<\/p>\n","protected":false},"excerpt":{"rendered":"<p>Chubasquero Impermeable Bravion<\/p>\n","protected":false},"featured_media":42079,"comment_status":"closed","ping_status":"open","template":"","meta":{"site-sidebar-layout":"default","site-content-layout":"","ast-site-content-layout":"","site-content-style":"default","site-sidebar-style":"default","ast-global-header-display":"","ast-banner-title-visibility":"","ast-main-header-display":"","ast-hfb-above-header-display":"","ast-hfb-below-header-display":"","ast-hfb-mobile-header-display":"","site-post-title":"","ast-breadcrumbs-content":"","ast-featured-img":"","footer-sml-layout":"","theme-transparent-header-meta":"","adv-header-id-meta":"","stick-header-meta":"","header-above-stick-meta":"","header-main-stick-meta":"","header-below-stick-meta":"","astra-migrate-meta-layouts":"default","ast-page-background-enabled":"default","ast-page-background-meta":{"desktop":{"background-color":"var(--ast-global-color-4)","background-image":"","background-repeat":"repeat","background-position":"center center","background-size":"auto","background-attachment":"scroll","background-type":"","background-media":"","overlay-type":"","overlay-color":"","overlay-opacity":"","overlay-gradient":""},"tablet":{"background-color":"","background-image":"","background-repeat":"repeat","background-position":"center center","background-size":"auto","background-attachment":"scroll","background-type":"","background-media":"","overlay-type":"","overlay-color":"","overlay-opacity":"","overlay-gradient":""},"mobile":{"background-color":"","background-image":"","background-repeat":"repeat","background-position":"center center","background-size":"auto","background-attachment":"scroll","background-type":"","background-media":"","overlay-type":"","overlay-color":"","overlay-opacity":"","overlay-gradient":""}},"ast-content-background-meta":{"desktop":{"background-color":"var(--ast-global-color-5)","background-image":"","background-repeat":"repeat","background-position":"center center","background-size":"auto","background-attachment":"scroll","background-type":"","background-media":"","overlay-type":"","overlay-color":"","overlay-opacity":"","overlay-gradient":""},"tablet":{"background-color":"var(--ast-global-color-5)","background-image":"","background-repeat":"repeat","background-position":"center center","background-size":"auto","background-attachment":"scroll","background-type":"","background-media":"","overlay-type":"","overlay-color":"","overlay-opacity":"","overlay-gradient":""},"mobile":{"background-color":"var(--ast-global-color-5)","background-image":"","background-repeat":"repeat","background-position":"center center","background-size":"auto","background-attachment":"scroll","background-type":"","background-media":"","overlay-type":"","overlay-color":"","overlay-opacity":"","overlay-gradient":""}}},"product_brand":[],"product_cat":[1096],"product_tag":[1187,143],"class_list":{"0":"post-42078","1":"product","2":"type-product","3":"status-publish","4":"has-post-thumbnail","6":"product_cat-verano-y-playa","7":"product_tag-chubasquero-impermeable","8":"product_tag-verano-y-playa","9":"desktop-align-center","10":"tablet-align-left","11":"mobile-align-left","13":"first","14":"instock","15":"product-type-simple"},"_links":{"self":[{"href":"https:\/\/tienda.cromavite.com\/index.php\/wp-json\/wp\/v2\/product\/42078","targetHints":{"allow":["GET"]}}],"collection":[{"href":"https:\/\/tienda.cromavite.com\/index.php\/wp-json\/wp\/v2\/product"}],"about":[{"href":"https:\/\/tienda.cromavite.com\/index.php\/wp-json\/wp\/v2\/types\/product"}],"replies":[{"embeddable":true,"href":"https:\/\/tienda.cromavite.com\/index.php\/wp-json\/wp\/v2\/comments?post=42078"}],"wp:featuredmedia":[{"embeddable":true,"href":"https:\/\/tienda.cromavite.com\/index.php\/wp-json\/wp\/v2\/media\/42079"}],"wp:attachment":[{"href":"https:\/\/tienda.cromavite.com\/index.php\/wp-json\/wp\/v2\/media?parent=42078"}],"wp:term":[{"taxonomy":"product_brand","embeddable":true,"href":"https:\/\/tienda.cromavite.com\/index.php\/wp-json\/wp\/v2\/product_brand?post=42078"},{"taxonomy":"product_cat","embeddable":true,"href":"https:\/\/tienda.cromavite.com\/index.php\/wp-json\/wp\/v2\/product_cat?post=42078"},{"taxonomy":"product_tag","embeddable":true,"href":"https:\/\/tienda.cromavite.com\/index.php\/wp-json\/wp\/v2\/product_tag?post=42078"}],"curies":[{"name":"wp","href":"https:\/\/api.w.org\/{rel}","templated":true}]}}