{"id":42544,"date":"2025-09-28T06:26:21","date_gmt":"2025-09-28T04:26:21","guid":{"rendered":"https:\/\/tienda.cromavite.com\/index.php\/producto\/mochila-hinkle\/"},"modified":"2025-09-28T06:26:26","modified_gmt":"2025-09-28T04:26:26","slug":"mochila-hinkle","status":"publish","type":"product","link":"https:\/\/tienda.cromavite.com\/index.php\/producto\/mochila-hinkle\/","title":{"rendered":"Mochila Hinkle"},"content":{"rendered":"<p>Mochila multifunci\u00f3n fabricada en poli\u00e9ster 420D. Cuenta con una excelente transpirabilidad en la zona trasera y en la cinta para los hombros, facilitando la disipaci\u00f3n del calor gracias a sus cintas y respaldo acolchados. Las cintas anchas est\u00e1n dise\u00f1adas para aliviar la presi\u00f3n en los hombros, permitiendo llevar la mochila c\u00f3modamente durante largos periodos.Perfecta para cualquier situaci\u00f3n por tener m\u00faltiples compartimentos:2 bolsillos frontales.3 compartimentos grandes centrales, uno de ellos portatodo, un bolsillo central de gran capacidad para guardad ropa y\/o complementos con organizador en su interior, y dos m\u00e1s acolchados, perfectos para llevar port\u00e1til de hasta 15 pulgadas y tablet hasta 12 pulgadas.Adem\u00e1s, cuenta con un bolsillo lateral perfecto para tener acceso r\u00e1pido. Perfecta para viajes o para el d\u00eda a d\u00eda por sus cintas ajustables, adapt\u00e1ndose a todo estilo de vida.<br \/>\nBolsillo Acolchado para Port\u00e1til y Tablet. Parte Trasera y Cintas Acolchadas<\/p>\n","protected":false},"excerpt":{"rendered":"<p>Mochila Hinkle<\/p>\n","protected":false},"featured_media":42545,"comment_status":"closed","ping_status":"open","template":"","meta":{"site-sidebar-layout":"default","site-content-layout":"","ast-site-content-layout":"","site-content-style":"default","site-sidebar-style":"default","ast-global-header-display":"","ast-banner-title-visibility":"","ast-main-header-display":"","ast-hfb-above-header-display":"","ast-hfb-below-header-display":"","ast-hfb-mobile-header-display":"","site-post-title":"","ast-breadcrumbs-content":"","ast-featured-img":"","footer-sml-layout":"","theme-transparent-header-meta":"","adv-header-id-meta":"","stick-header-meta":"","header-above-stick-meta":"","header-main-stick-meta":"","header-below-stick-meta":"","astra-migrate-meta-layouts":"default","ast-page-background-enabled":"default","ast-page-background-meta":{"desktop":{"background-color":"var(--ast-global-color-4)","background-image":"","background-repeat":"repeat","background-position":"center center","background-size":"auto","background-attachment":"scroll","background-type":"","background-media":"","overlay-type":"","overlay-color":"","overlay-opacity":"","overlay-gradient":""},"tablet":{"background-color":"","background-image":"","background-repeat":"repeat","background-position":"center center","background-size":"auto","background-attachment":"scroll","background-type":"","background-media":"","overlay-type":"","overlay-color":"","overlay-opacity":"","overlay-gradient":""},"mobile":{"background-color":"","background-image":"","background-repeat":"repeat","background-position":"center center","background-size":"auto","background-attachment":"scroll","background-type":"","background-media":"","overlay-type":"","overlay-color":"","overlay-opacity":"","overlay-gradient":""}},"ast-content-background-meta":{"desktop":{"background-color":"var(--ast-global-color-5)","background-image":"","background-repeat":"repeat","background-position":"center center","background-size":"auto","background-attachment":"scroll","background-type":"","background-media":"","overlay-type":"","overlay-color":"","overlay-opacity":"","overlay-gradient":""},"tablet":{"background-color":"var(--ast-global-color-5)","background-image":"","background-repeat":"repeat","background-position":"center center","background-size":"auto","background-attachment":"scroll","background-type":"","background-media":"","overlay-type":"","overlay-color":"","overlay-opacity":"","overlay-gradient":""},"mobile":{"background-color":"var(--ast-global-color-5)","background-image":"","background-repeat":"repeat","background-position":"center center","background-size":"auto","background-attachment":"scroll","background-type":"","background-media":"","overlay-type":"","overlay-color":"","overlay-opacity":"","overlay-gradient":""}}},"product_brand":[],"product_cat":[1105],"product_tag":[189,156],"class_list":{"0":"post-42544","1":"product","2":"type-product","3":"status-publish","4":"has-post-thumbnail","6":"product_cat-mochilas","7":"product_tag-mochila","8":"product_tag-mochilas","9":"desktop-align-center","10":"tablet-align-left","11":"mobile-align-left","13":"first","14":"instock","15":"product-type-simple"},"_links":{"self":[{"href":"https:\/\/tienda.cromavite.com\/index.php\/wp-json\/wp\/v2\/product\/42544","targetHints":{"allow":["GET"]}}],"collection":[{"href":"https:\/\/tienda.cromavite.com\/index.php\/wp-json\/wp\/v2\/product"}],"about":[{"href":"https:\/\/tienda.cromavite.com\/index.php\/wp-json\/wp\/v2\/types\/product"}],"replies":[{"embeddable":true,"href":"https:\/\/tienda.cromavite.com\/index.php\/wp-json\/wp\/v2\/comments?post=42544"}],"wp:featuredmedia":[{"embeddable":true,"href":"https:\/\/tienda.cromavite.com\/index.php\/wp-json\/wp\/v2\/media\/42545"}],"wp:attachment":[{"href":"https:\/\/tienda.cromavite.com\/index.php\/wp-json\/wp\/v2\/media?parent=42544"}],"wp:term":[{"taxonomy":"product_brand","embeddable":true,"href":"https:\/\/tienda.cromavite.com\/index.php\/wp-json\/wp\/v2\/product_brand?post=42544"},{"taxonomy":"product_cat","embeddable":true,"href":"https:\/\/tienda.cromavite.com\/index.php\/wp-json\/wp\/v2\/product_cat?post=42544"},{"taxonomy":"product_tag","embeddable":true,"href":"https:\/\/tienda.cromavite.com\/index.php\/wp-json\/wp\/v2\/product_tag?post=42544"}],"curies":[{"name":"wp","href":"https:\/\/api.w.org\/{rel}","templated":true}]}}