{"id":42741,"date":"2025-09-28T06:31:03","date_gmt":"2025-09-28T04:31:03","guid":{"rendered":"https:\/\/tienda.cromavite.com\/index.php\/producto\/set-kaley\/"},"modified":"2025-09-28T06:31:21","modified_gmt":"2025-09-28T04:31:21","slug":"set-kaley","status":"publish","type":"product","link":"https:\/\/tienda.cromavite.com\/index.php\/producto\/set-kaley\/","title":{"rendered":"Set Kaley"},"content":{"rendered":"<p>Set de bloc de notas y bol\u00edgrafo confeccionados con Fibra de T\u00e9, adem\u00e1s de un bid\u00f3n t\u00e9rmico fabricado en acero inox.El set incluye:-\tBloc de notas de tapas r\u00edgidas, con 80 p\u00e1ginas rayas, banda el\u00e1stica con clip met\u00e1lico y marcap\u00e1ginas a juego. &#8211;\tBol\u00edgrafo de aluminio en acabado cromado con empu\u00f1adura de Fibra de T\u00e9, mecanismo giratorio y tinta azul. &#8211;\tBid\u00f3n t\u00e9rmico de doble pared fabricado en acero inox de 500ml. Con tap\u00f3n a rosca y asa met\u00e1lica. Bloc con logo Tea Grounds marcado en la parte posterior. Presentado de manera elegante en una caja negra con interior troquelado. Tea Grounds es un material sostenible creado a partir de residuos de hojas de t\u00e9 recicladas. Durante el procesamiento del t\u00e9, se recolectan y compactan los restos para darles una segunda vida como recurso \u00fatil. Su producci\u00f3n fomenta la econom\u00eda circular y reduce el impacto ambiental.<br \/>\nBid\u00f3n T\u00e9rmico Acero Inox, 500 ml. Bloc Fibra de T\u00e9, Portada R\u00edgida, 80 Hojas. Bol\u00edgrafo Fibra de T\u00e9<\/p>\n","protected":false},"excerpt":{"rendered":"<p>Set Kaley<\/p>\n","protected":false},"featured_media":42742,"comment_status":"closed","ping_status":"open","template":"","meta":{"site-sidebar-layout":"default","site-content-layout":"","ast-site-content-layout":"","site-content-style":"default","site-sidebar-style":"default","ast-global-header-display":"","ast-banner-title-visibility":"","ast-main-header-display":"","ast-hfb-above-header-display":"","ast-hfb-below-header-display":"","ast-hfb-mobile-header-display":"","site-post-title":"","ast-breadcrumbs-content":"","ast-featured-img":"","footer-sml-layout":"","theme-transparent-header-meta":"","adv-header-id-meta":"","stick-header-meta":"","header-above-stick-meta":"","header-main-stick-meta":"","header-below-stick-meta":"","astra-migrate-meta-layouts":"default","ast-page-background-enabled":"default","ast-page-background-meta":{"desktop":{"background-color":"var(--ast-global-color-4)","background-image":"","background-repeat":"repeat","background-position":"center center","background-size":"auto","background-attachment":"scroll","background-type":"","background-media":"","overlay-type":"","overlay-color":"","overlay-opacity":"","overlay-gradient":""},"tablet":{"background-color":"","background-image":"","background-repeat":"repeat","background-position":"center center","background-size":"auto","background-attachment":"scroll","background-type":"","background-media":"","overlay-type":"","overlay-color":"","overlay-opacity":"","overlay-gradient":""},"mobile":{"background-color":"","background-image":"","background-repeat":"repeat","background-position":"center center","background-size":"auto","background-attachment":"scroll","background-type":"","background-media":"","overlay-type":"","overlay-color":"","overlay-opacity":"","overlay-gradient":""}},"ast-content-background-meta":{"desktop":{"background-color":"var(--ast-global-color-5)","background-image":"","background-repeat":"repeat","background-position":"center center","background-size":"auto","background-attachment":"scroll","background-type":"","background-media":"","overlay-type":"","overlay-color":"","overlay-opacity":"","overlay-gradient":""},"tablet":{"background-color":"var(--ast-global-color-5)","background-image":"","background-repeat":"repeat","background-position":"center center","background-size":"auto","background-attachment":"scroll","background-type":"","background-media":"","overlay-type":"","overlay-color":"","overlay-opacity":"","overlay-gradient":""},"mobile":{"background-color":"var(--ast-global-color-5)","background-image":"","background-repeat":"repeat","background-position":"center center","background-size":"auto","background-attachment":"scroll","background-type":"","background-media":"","overlay-type":"","overlay-color":"","overlay-opacity":"","overlay-gradient":""}}},"product_brand":[],"product_cat":[1084,1095],"product_tag":[127,142,218],"class_list":{"0":"post-42741","1":"product","2":"type-product","3":"status-publish","4":"has-post-thumbnail","6":"product_cat-oficina-y-negocios","7":"product_cat-regalos-y-premiums","8":"product_tag-oficina-y-negocios","9":"product_tag-regalos-y-premiums","10":"product_tag-set","11":"desktop-align-center","12":"tablet-align-left","13":"mobile-align-left","15":"first","16":"instock","17":"product-type-simple"},"_links":{"self":[{"href":"https:\/\/tienda.cromavite.com\/index.php\/wp-json\/wp\/v2\/product\/42741","targetHints":{"allow":["GET"]}}],"collection":[{"href":"https:\/\/tienda.cromavite.com\/index.php\/wp-json\/wp\/v2\/product"}],"about":[{"href":"https:\/\/tienda.cromavite.com\/index.php\/wp-json\/wp\/v2\/types\/product"}],"replies":[{"embeddable":true,"href":"https:\/\/tienda.cromavite.com\/index.php\/wp-json\/wp\/v2\/comments?post=42741"}],"wp:featuredmedia":[{"embeddable":true,"href":"https:\/\/tienda.cromavite.com\/index.php\/wp-json\/wp\/v2\/media\/42742"}],"wp:attachment":[{"href":"https:\/\/tienda.cromavite.com\/index.php\/wp-json\/wp\/v2\/media?parent=42741"}],"wp:term":[{"taxonomy":"product_brand","embeddable":true,"href":"https:\/\/tienda.cromavite.com\/index.php\/wp-json\/wp\/v2\/product_brand?post=42741"},{"taxonomy":"product_cat","embeddable":true,"href":"https:\/\/tienda.cromavite.com\/index.php\/wp-json\/wp\/v2\/product_cat?post=42741"},{"taxonomy":"product_tag","embeddable":true,"href":"https:\/\/tienda.cromavite.com\/index.php\/wp-json\/wp\/v2\/product_tag?post=42741"}],"curies":[{"name":"wp","href":"https:\/\/api.w.org\/{rel}","templated":true}]}}