{"id":42938,"date":"2025-09-28T06:36:15","date_gmt":"2025-09-28T04:36:15","guid":{"rendered":"https:\/\/tienda.cromavite.com\/index.php\/producto\/luz-emergencia-v16-geolocalizada-kershaw\/"},"modified":"2025-09-28T06:36:16","modified_gmt":"2025-09-28T04:36:16","slug":"luz-emergencia-v16-geolocalizada-kershaw","status":"publish","type":"product","link":"https:\/\/tienda.cromavite.com\/index.php\/producto\/luz-emergencia-v16-geolocalizada-kershaw\/","title":{"rendered":"Luz Emergencia V16 Geolocalizada Kershaw"},"content":{"rendered":"<p>Luz de emergencia V16 Geolocalizada para veh\u00edculos. Fabricada conforme a la normativa de seguridad vigente y homologada por laboratorio acreditado IDIADA, seg\u00fan requisitos de la DGT , con n\u00famero de homologaci\u00f3n marcado en la parte inferior del art\u00edculo. De activaci\u00f3n manual y con base de fijaci\u00f3n magn\u00e9tica. Resistencia al viento de hasta 180Pa, visibilidad 360 -hasta 1 km de distancia- y resistencia al agua conforme a est\u00e1ndares IP54. De tama\u00f1o compacto para guardar en cualquier compartimento del veh\u00edculo y tenerla a mano en caso de emergencia. Presentada en caja individual de dise\u00f1o. Manual incluido (espa\u00f1ol e ingl\u00e9s). Alimentaci\u00f3n a pilas (3xAA pilas alcalinas incluidas).Certificado de Cumplimiento PC24120149 emitido por IDIADA, conforme a los requisitos de la DGT.<br \/>\n9 Ledes Intermitentes. Magn\u00e9tica. 3 Pilas AA Incluidas<\/p>\n","protected":false},"excerpt":{"rendered":"<p>Luz Emergencia V16 Geolocalizada Kershaw<\/p>\n","protected":false},"featured_media":42939,"comment_status":"closed","ping_status":"open","template":"","meta":{"site-sidebar-layout":"default","site-content-layout":"","ast-site-content-layout":"","site-content-style":"default","site-sidebar-style":"default","ast-global-header-display":"","ast-banner-title-visibility":"","ast-main-header-display":"","ast-hfb-above-header-display":"","ast-hfb-below-header-display":"","ast-hfb-mobile-header-display":"","site-post-title":"","ast-breadcrumbs-content":"","ast-featured-img":"","footer-sml-layout":"","theme-transparent-header-meta":"","adv-header-id-meta":"","stick-header-meta":"","header-above-stick-meta":"","header-main-stick-meta":"","header-below-stick-meta":"","astra-migrate-meta-layouts":"default","ast-page-background-enabled":"default","ast-page-background-meta":{"desktop":{"background-color":"var(--ast-global-color-4)","background-image":"","background-repeat":"repeat","background-position":"center center","background-size":"auto","background-attachment":"scroll","background-type":"","background-media":"","overlay-type":"","overlay-color":"","overlay-opacity":"","overlay-gradient":""},"tablet":{"background-color":"","background-image":"","background-repeat":"repeat","background-position":"center center","background-size":"auto","background-attachment":"scroll","background-type":"","background-media":"","overlay-type":"","overlay-color":"","overlay-opacity":"","overlay-gradient":""},"mobile":{"background-color":"","background-image":"","background-repeat":"repeat","background-position":"center center","background-size":"auto","background-attachment":"scroll","background-type":"","background-media":"","overlay-type":"","overlay-color":"","overlay-opacity":"","overlay-gradient":""}},"ast-content-background-meta":{"desktop":{"background-color":"var(--ast-global-color-5)","background-image":"","background-repeat":"repeat","background-position":"center center","background-size":"auto","background-attachment":"scroll","background-type":"","background-media":"","overlay-type":"","overlay-color":"","overlay-opacity":"","overlay-gradient":""},"tablet":{"background-color":"var(--ast-global-color-5)","background-image":"","background-repeat":"repeat","background-position":"center center","background-size":"auto","background-attachment":"scroll","background-type":"","background-media":"","overlay-type":"","overlay-color":"","overlay-opacity":"","overlay-gradient":""},"mobile":{"background-color":"var(--ast-global-color-5)","background-image":"","background-repeat":"repeat","background-position":"center center","background-size":"auto","background-attachment":"scroll","background-type":"","background-media":"","overlay-type":"","overlay-color":"","overlay-opacity":"","overlay-gradient":""}}},"product_brand":[],"product_cat":[83,1082],"product_tag":[121,120,1201],"class_list":{"0":"post-42938","1":"product","2":"type-product","3":"status-publish","4":"has-post-thumbnail","6":"product_cat-brico-y-automovil","7":"product_cat-herramientas","8":"product_tag-brico-y-automovil","9":"product_tag-herramientas","10":"product_tag-luz-emergencia-v16-geolocalizada","11":"desktop-align-center","12":"tablet-align-left","13":"mobile-align-left","15":"first","16":"instock","17":"product-type-simple"},"_links":{"self":[{"href":"https:\/\/tienda.cromavite.com\/index.php\/wp-json\/wp\/v2\/product\/42938","targetHints":{"allow":["GET"]}}],"collection":[{"href":"https:\/\/tienda.cromavite.com\/index.php\/wp-json\/wp\/v2\/product"}],"about":[{"href":"https:\/\/tienda.cromavite.com\/index.php\/wp-json\/wp\/v2\/types\/product"}],"replies":[{"embeddable":true,"href":"https:\/\/tienda.cromavite.com\/index.php\/wp-json\/wp\/v2\/comments?post=42938"}],"wp:featuredmedia":[{"embeddable":true,"href":"https:\/\/tienda.cromavite.com\/index.php\/wp-json\/wp\/v2\/media\/42939"}],"wp:attachment":[{"href":"https:\/\/tienda.cromavite.com\/index.php\/wp-json\/wp\/v2\/media?parent=42938"}],"wp:term":[{"taxonomy":"product_brand","embeddable":true,"href":"https:\/\/tienda.cromavite.com\/index.php\/wp-json\/wp\/v2\/product_brand?post=42938"},{"taxonomy":"product_cat","embeddable":true,"href":"https:\/\/tienda.cromavite.com\/index.php\/wp-json\/wp\/v2\/product_cat?post=42938"},{"taxonomy":"product_tag","embeddable":true,"href":"https:\/\/tienda.cromavite.com\/index.php\/wp-json\/wp\/v2\/product_tag?post=42938"}],"curies":[{"name":"wp","href":"https:\/\/api.w.org\/{rel}","templated":true}]}}