{"id":43073,"date":"2025-09-28T06:39:24","date_gmt":"2025-09-28T04:39:24","guid":{"rendered":"https:\/\/tienda.cromavite.com\/index.php\/producto\/radio-emergencia-multifuncion-cartney\/"},"modified":"2025-09-28T06:39:50","modified_gmt":"2025-09-28T04:39:50","slug":"radio-emergencia-multifuncion-cartney","status":"publish","type":"product","link":"https:\/\/tienda.cromavite.com\/index.php\/producto\/radio-emergencia-multifuncion-cartney\/","title":{"rendered":"Radio Emergencia Multifunci\u00f3n Cartney"},"content":{"rendered":"<p>Radio Multifunci\u00f3n de Emergencia fabricada en resistente ABS. Ofrece una amplia gama de funciones \u00fatiles para el uso diario, actividades al aire libre o situaciones de emergencia. Incluye: &#8211; Radio de banda dual: FM \/ AM &#8211; Linterna LED, con modo SOS &#8211; Panel de Carga Solar &#8211; Carga Manual con sistema dinamo ajustable de 360\u00b0 &#8211; Bater\u00eda recargable de 2000 mAh &#8211; Antena plegable de alta sensibilidad &#8211; Entrada Tipo C y salida USB Una soluci\u00f3n funcional para mantenerse siempre conectado y preparado.<br \/>\n1 Led. 2 Posiciones de Luz, Fija e Intermitente. 2000 mAh. Radio AM\/FM. Carga Solar y Manual<\/p>\n","protected":false},"excerpt":{"rendered":"<p>Radio Emergencia Multifunci\u00f3n Cartney<\/p>\n","protected":false},"featured_media":43074,"comment_status":"closed","ping_status":"open","template":"","meta":{"site-sidebar-layout":"default","site-content-layout":"","ast-site-content-layout":"","site-content-style":"default","site-sidebar-style":"default","ast-global-header-display":"","ast-banner-title-visibility":"","ast-main-header-display":"","ast-hfb-above-header-display":"","ast-hfb-below-header-display":"","ast-hfb-mobile-header-display":"","site-post-title":"","ast-breadcrumbs-content":"","ast-featured-img":"","footer-sml-layout":"","theme-transparent-header-meta":"","adv-header-id-meta":"","stick-header-meta":"","header-above-stick-meta":"","header-main-stick-meta":"","header-below-stick-meta":"","astra-migrate-meta-layouts":"default","ast-page-background-enabled":"default","ast-page-background-meta":{"desktop":{"background-color":"var(--ast-global-color-4)","background-image":"","background-repeat":"repeat","background-position":"center center","background-size":"auto","background-attachment":"scroll","background-type":"","background-media":"","overlay-type":"","overlay-color":"","overlay-opacity":"","overlay-gradient":""},"tablet":{"background-color":"","background-image":"","background-repeat":"repeat","background-position":"center center","background-size":"auto","background-attachment":"scroll","background-type":"","background-media":"","overlay-type":"","overlay-color":"","overlay-opacity":"","overlay-gradient":""},"mobile":{"background-color":"","background-image":"","background-repeat":"repeat","background-position":"center center","background-size":"auto","background-attachment":"scroll","background-type":"","background-media":"","overlay-type":"","overlay-color":"","overlay-opacity":"","overlay-gradient":""}},"ast-content-background-meta":{"desktop":{"background-color":"var(--ast-global-color-5)","background-image":"","background-repeat":"repeat","background-position":"center center","background-size":"auto","background-attachment":"scroll","background-type":"","background-media":"","overlay-type":"","overlay-color":"","overlay-opacity":"","overlay-gradient":""},"tablet":{"background-color":"var(--ast-global-color-5)","background-image":"","background-repeat":"repeat","background-position":"center center","background-size":"auto","background-attachment":"scroll","background-type":"","background-media":"","overlay-type":"","overlay-color":"","overlay-opacity":"","overlay-gradient":""},"mobile":{"background-color":"var(--ast-global-color-5)","background-image":"","background-repeat":"repeat","background-position":"center center","background-size":"auto","background-attachment":"scroll","background-type":"","background-media":"","overlay-type":"","overlay-color":"","overlay-opacity":"","overlay-gradient":""}}},"product_brand":[],"product_cat":[1113,1116,1088],"product_tag":[179,195,1206,130],"class_list":{"0":"post-43073","1":"product","2":"type-product","3":"status-publish","4":"has-post-thumbnail","6":"product_cat-deporte-y-aventura","7":"product_cat-hogar-y-decoracion","8":"product_cat-tecnologia-y-accesorios","9":"product_tag-deporte-y-aventura","10":"product_tag-hogar-y-decoracion","11":"product_tag-radio-emergencia-multifuncion","12":"product_tag-tecnologia-y-accesorios","13":"desktop-align-center","14":"tablet-align-left","15":"mobile-align-left","17":"first","18":"instock","19":"product-type-simple"},"_links":{"self":[{"href":"https:\/\/tienda.cromavite.com\/index.php\/wp-json\/wp\/v2\/product\/43073","targetHints":{"allow":["GET"]}}],"collection":[{"href":"https:\/\/tienda.cromavite.com\/index.php\/wp-json\/wp\/v2\/product"}],"about":[{"href":"https:\/\/tienda.cromavite.com\/index.php\/wp-json\/wp\/v2\/types\/product"}],"replies":[{"embeddable":true,"href":"https:\/\/tienda.cromavite.com\/index.php\/wp-json\/wp\/v2\/comments?post=43073"}],"wp:featuredmedia":[{"embeddable":true,"href":"https:\/\/tienda.cromavite.com\/index.php\/wp-json\/wp\/v2\/media\/43074"}],"wp:attachment":[{"href":"https:\/\/tienda.cromavite.com\/index.php\/wp-json\/wp\/v2\/media?parent=43073"}],"wp:term":[{"taxonomy":"product_brand","embeddable":true,"href":"https:\/\/tienda.cromavite.com\/index.php\/wp-json\/wp\/v2\/product_brand?post=43073"},{"taxonomy":"product_cat","embeddable":true,"href":"https:\/\/tienda.cromavite.com\/index.php\/wp-json\/wp\/v2\/product_cat?post=43073"},{"taxonomy":"product_tag","embeddable":true,"href":"https:\/\/tienda.cromavite.com\/index.php\/wp-json\/wp\/v2\/product_tag?post=43073"}],"curies":[{"name":"wp","href":"https:\/\/api.w.org\/{rel}","templated":true}]}}